{"id":9607,"date":"2025-06-20T17:45:51","date_gmt":"2025-06-20T21:45:51","guid":{"rendered":"https:\/\/www.multicasa.com.br\/inicio\/?post_type=product&#038;p=9607"},"modified":"2026-01-28T05:18:32","modified_gmt":"2026-01-28T09:18:32","slug":"escada-de-aluminio-mor-2x6","status":"publish","type":"product","link":"https:\/\/www.multicasa.com.br\/inicio\/produto\/escada-de-aluminio-mor-2x6\/","title":{"rendered":"Escada de Alum\u00ednio Mor 2&#215;6"},"content":{"rendered":"<p>Pr\u00e1tica e eficiente, a Escada de Alum\u00ednio Multifuncional Mor 2&#215;6 possui 3 formas de utiliza\u00e7\u00e3o. Super resistente, suporta at\u00e9 150kg e conta com rodas que facilitam o uso. Ao total s\u00e3o 12 degraus, que permitem diversas formas de uso e alcan\u00e7am altura de at\u00e9 3,09m quando totalmente estendidos. Leve e dur\u00e1vel, possui sistema de articula\u00e7\u00e3o que proporciona maior seguran\u00e7a e abertura c\u00f4nica dos p\u00e9s e sapatas antiderrapantes. Est\u00e1vel e vers\u00e1til, essa escada multifuncional \u00e9 um item indispens\u00e1vel em sua casa.<\/p>\n","protected":false},"excerpt":{"rendered":"<h4 style=\"margin: 0px;padding: 0px 0px 16px;font-family: Lato, sans-serif;font-weight: bold;line-height: 3rem;color: var(--dark-grey3);font-size: 22px;font-style: normal;letter-spacing: normal;text-align: start;text-indent: 0px;text-transform: none\">Informa\u00e7\u00f5es t\u00e9cnicas<\/h4>\n<p><span style=\"margin: 0px;padding: 0px;font-weight: 450;font-size: 14px;line-height: 21px;color: var(--dark-grey2);font-family: Lato, sans-serif;font-style: normal;letter-spacing: normal;text-align: start;text-indent: 0px;text-transform: none\">Produto: Escada de Alum\u00ednio<br \/>\nMarca: Mor<br \/>\nMaterial: Alum\u00ednio; polipropileno<br \/>\nCor: Prata; Azul<br \/>\nCaracter\u00edsticas: Capacidade de 150kg; altura m\u00e1xima de 3,9m; 12 degraus; 3 formas de uso<br \/>\nItens Inclusos: 1 Escada<br \/>\nDimens\u00f5es do produto (A x L x P): A: 13,5 x 59cm x 1,97m<\/span><\/p>\n","protected":false},"featured_media":25116,"template":"","meta":{"_joinchat":[]},"product_brand":[],"product_cat":[156],"product_tag":[],"class_list":{"0":"post-9607","1":"product","2":"type-product","3":"status-publish","4":"has-post-thumbnail","6":"product_cat-escadas","8":"first","9":"outofstock","10":"shipping-taxable","11":"purchasable","12":"product-type-simple"},"_links":{"self":[{"href":"https:\/\/www.multicasa.com.br\/inicio\/wp-json\/wp\/v2\/product\/9607","targetHints":{"allow":["GET"]}}],"collection":[{"href":"https:\/\/www.multicasa.com.br\/inicio\/wp-json\/wp\/v2\/product"}],"about":[{"href":"https:\/\/www.multicasa.com.br\/inicio\/wp-json\/wp\/v2\/types\/product"}],"wp:featuredmedia":[{"embeddable":true,"href":"https:\/\/www.multicasa.com.br\/inicio\/wp-json\/wp\/v2\/media\/25116"}],"wp:attachment":[{"href":"https:\/\/www.multicasa.com.br\/inicio\/wp-json\/wp\/v2\/media?parent=9607"}],"wp:term":[{"taxonomy":"product_brand","embeddable":true,"href":"https:\/\/www.multicasa.com.br\/inicio\/wp-json\/wp\/v2\/product_brand?post=9607"},{"taxonomy":"product_cat","embeddable":true,"href":"https:\/\/www.multicasa.com.br\/inicio\/wp-json\/wp\/v2\/product_cat?post=9607"},{"taxonomy":"product_tag","embeddable":true,"href":"https:\/\/www.multicasa.com.br\/inicio\/wp-json\/wp\/v2\/product_tag?post=9607"}],"curies":[{"name":"wp","href":"https:\/\/api.w.org\/{rel}","templated":true}]}}