{"id":9611,"date":"2025-06-20T17:45:52","date_gmt":"2025-06-20T21:45:52","guid":{"rendered":"https:\/\/www.multicasa.com.br\/inicio\/?post_type=product&#038;p=9611"},"modified":"2025-11-29T10:14:36","modified_gmt":"2025-11-29T14:14:36","slug":"ferro-de-passar-a-vapor-e-a-seco-black-decker-fx2100-br-azul-127v","status":"publish","type":"product","link":"https:\/\/www.multicasa.com.br\/inicio\/produto\/ferro-de-passar-a-vapor-e-a-seco-black-decker-fx2100-br-azul-127v\/","title":{"rendered":"Ferro de Passar a Vapor e a Seco Black + Decker FX2100-BR Azul 127V"},"content":{"rendered":"<p>O Ferro de Passar a Vapor e a Seco Black + Decker FX2100-BR Azul 127V possui um spray frontal para facilitar tirar as rugas mais resistentes. Base com revestimento antiaderente, com poupa bot\u00f5es em toda a lateral do ferro. Compacto e leve, com sistema autolimpante. Cabo anat\u00f4mico com giro de 360\u00b0 e luz indicadora de funcionamento.<\/p>\n","protected":false},"excerpt":{"rendered":"<h4 style=\"margin: 0px;padding: 0px 0px 16px;font-family: Lato, sans-serif;font-weight: bold;line-height: 3rem;color: var(--dark-grey3);font-size: 22px;font-style: normal;letter-spacing: normal;text-align: start;text-indent: 0px;text-transform: none\">Informa\u00e7\u00f5es t\u00e9cnicas<\/h4>\n<p><span style=\"margin: 0px;padding: 0px;font-weight: 450;font-size: 14px;line-height: 21px;color: var(--dark-grey2);font-family: Lato, sans-serif;font-style: normal;letter-spacing: normal;text-align: start;text-indent: 0px;text-transform: none\">Produto: Ferro de Passar<br \/>\nMarca: Black + Decker<br \/>\nModelo: FX2100-BR<br \/>\nCor: Azul e Branco<br \/>\nPot\u00eancia: 1200w<br \/>\nTens\u00e3o el\u00e9trica: 127v<br \/>\nCaracter\u00edsticas: Passa a seco e a vapor; seletor para escolha do tipo de tecido; poupa bot\u00f5es; sistema autolimpante; luz indicadora de funcionamento; cabo anat\u00f4mico com giro 360\u00b0; Frequ\u00eancia: 60Hz; Consumo de energia: 0.043kw\/h; Temperatura: 180\u00b0C at\u00e9 200\u00b0C; Quantidade de vapor: 14 g\/min; Capacidade: 210ml; Comprimento do cabo: 1,63m.<br \/>\nItens Inclusos: 1 Ferro de passar<br \/>\nDimens\u00f5es do produto (A x L x P): 12,5 x 10,8 x 26cm                                                                                                 Peso: 0,73kg<br \/>\nGarantia: 1 ano<br \/>\nOCP: 0040<\/span><\/p>\n","protected":false},"featured_media":9693,"template":"","meta":{"_joinchat":[]},"product_brand":[],"product_cat":[95],"product_tag":[],"class_list":{"0":"post-9611","1":"product","2":"type-product","3":"status-publish","4":"has-post-thumbnail","6":"product_cat-lavanderia","8":"first","9":"outofstock","10":"shipping-taxable","11":"purchasable","12":"product-type-simple"},"_links":{"self":[{"href":"https:\/\/www.multicasa.com.br\/inicio\/wp-json\/wp\/v2\/product\/9611","targetHints":{"allow":["GET"]}}],"collection":[{"href":"https:\/\/www.multicasa.com.br\/inicio\/wp-json\/wp\/v2\/product"}],"about":[{"href":"https:\/\/www.multicasa.com.br\/inicio\/wp-json\/wp\/v2\/types\/product"}],"wp:featuredmedia":[{"embeddable":true,"href":"https:\/\/www.multicasa.com.br\/inicio\/wp-json\/wp\/v2\/media\/9693"}],"wp:attachment":[{"href":"https:\/\/www.multicasa.com.br\/inicio\/wp-json\/wp\/v2\/media?parent=9611"}],"wp:term":[{"taxonomy":"product_brand","embeddable":true,"href":"https:\/\/www.multicasa.com.br\/inicio\/wp-json\/wp\/v2\/product_brand?post=9611"},{"taxonomy":"product_cat","embeddable":true,"href":"https:\/\/www.multicasa.com.br\/inicio\/wp-json\/wp\/v2\/product_cat?post=9611"},{"taxonomy":"product_tag","embeddable":true,"href":"https:\/\/www.multicasa.com.br\/inicio\/wp-json\/wp\/v2\/product_tag?post=9611"}],"curies":[{"name":"wp","href":"https:\/\/api.w.org\/{rel}","templated":true}]}}