{"id":9636,"date":"2025-06-20T17:46:15","date_gmt":"2025-06-20T21:46:15","guid":{"rendered":"https:\/\/www.multicasa.com.br\/inicio\/?post_type=product&#038;p=9636"},"modified":"2025-06-20T17:46:54","modified_gmt":"2025-06-20T21:46:54","slug":"kit-de-chaves-31-pecas-em-1-xc-kc2-x-cell","status":"publish","type":"product","link":"https:\/\/www.multicasa.com.br\/inicio\/produto\/kit-de-chaves-31-pecas-em-1-xc-kc2-x-cell\/","title":{"rendered":"Kit de Chaves 31 pe\u00e7as em 1 XC-KC2 X-CELL"},"content":{"rendered":"<p>O Kit de Chaves 31 em 1 X-Cell \u00e9 pr\u00e1tico e vers\u00e1til, possui 10 pontas de diversas chaves, al\u00e9m de um cabo imantado e um pr\u00e1tico estojo. Item ideal para manuten\u00e7\u00e3o de rel\u00f3gios, celulares e eletr\u00f4nicos em geral. Complete suas ferramentas com o Kit de chaves de \u00f3tima qualidade e precis\u00e3o.<\/p>\n","protected":false},"excerpt":{"rendered":"<h4 style=\"margin: 0px;padding: 0px 0px 16px;font-family: Lato, sans-serif;font-weight: bold;line-height: 3rem;color: var(--dark-grey3);font-size: 22px;font-style: normal;letter-spacing: normal;text-align: start;text-indent: 0px;text-transform: none\">Informa\u00e7\u00f5es t\u00e9cnicas<\/h4>\n<p><span style=\"margin: 0px;padding: 0px;font-weight: 450;font-size: 14px;line-height: 21px;color: var(--dark-grey2);font-family: Lato, sans-serif;font-style: normal;letter-spacing: normal;text-align: start;text-indent: 0px;text-transform: none\">Produto: Kit de chaves<br \/>\nMarca: X-Cell<br \/>\nModelo: XC-KC2<br \/>\nMaterial: Cabo emborrachado<br \/>\nEncaixe magn\u00e9tico<br \/>\nCor: Amarelo e prata<br \/>\nCaracter\u00edsticas: Aderente e Antiderrapante<br \/>\nQuantidade de pe\u00e7as: 32 pe\u00e7as<br \/>\nItens Inclusos: 1 Cabo Giratorio<br \/>\n30 Pontas Imantadas<br \/>\n1 Estojo Pr\u00e1tico Com Mini Al\u00e7a<br \/>\nDimens\u00f5es do produto (A X L X P): 12 x 6 x 6cm<\/span><\/p>\n","protected":false},"featured_media":9695,"template":"","meta":{"_joinchat":[]},"product_brand":[],"product_cat":[137],"product_tag":[],"class_list":{"0":"post-9636","1":"product","2":"type-product","3":"status-publish","4":"has-post-thumbnail","6":"product_cat-ferramentas-manuais","8":"first","9":"outofstock","10":"shipping-taxable","11":"product-type-simple"},"_links":{"self":[{"href":"https:\/\/www.multicasa.com.br\/inicio\/wp-json\/wp\/v2\/product\/9636","targetHints":{"allow":["GET"]}}],"collection":[{"href":"https:\/\/www.multicasa.com.br\/inicio\/wp-json\/wp\/v2\/product"}],"about":[{"href":"https:\/\/www.multicasa.com.br\/inicio\/wp-json\/wp\/v2\/types\/product"}],"wp:featuredmedia":[{"embeddable":true,"href":"https:\/\/www.multicasa.com.br\/inicio\/wp-json\/wp\/v2\/media\/9695"}],"wp:attachment":[{"href":"https:\/\/www.multicasa.com.br\/inicio\/wp-json\/wp\/v2\/media?parent=9636"}],"wp:term":[{"taxonomy":"product_brand","embeddable":true,"href":"https:\/\/www.multicasa.com.br\/inicio\/wp-json\/wp\/v2\/product_brand?post=9636"},{"taxonomy":"product_cat","embeddable":true,"href":"https:\/\/www.multicasa.com.br\/inicio\/wp-json\/wp\/v2\/product_cat?post=9636"},{"taxonomy":"product_tag","embeddable":true,"href":"https:\/\/www.multicasa.com.br\/inicio\/wp-json\/wp\/v2\/product_tag?post=9636"}],"curies":[{"name":"wp","href":"https:\/\/api.w.org\/{rel}","templated":true}]}}