{"id":9640,"date":"2025-06-20T17:46:15","date_gmt":"2025-06-20T21:46:15","guid":{"rendered":"https:\/\/www.multicasa.com.br\/inicio\/?post_type=product&#038;p=9640"},"modified":"2025-06-20T17:47:04","modified_gmt":"2025-06-20T21:47:04","slug":"conjunto-pano-de-microfibra-naveg-4-pecas","status":"publish","type":"product","link":"https:\/\/www.multicasa.com.br\/inicio\/produto\/conjunto-pano-de-microfibra-naveg-4-pecas\/","title":{"rendered":"Conjunto Pano de Microfibra Naveg 4 Pe\u00e7as"},"content":{"rendered":"<p>O Conjunto Pano de Microfibra Naveg conta com 4 pe\u00e7as nas cores laranja, amarelo, rosa e azul. Cada uma com 30 X 40cm, que limpam qualquer superf\u00edcie, n\u00e3o soltam fiapos e n\u00e3o riscam.<\/p>\n","protected":false},"excerpt":{"rendered":"<h4 style=\"margin: 0px;padding: 0px 0px 16px;font-family: Lato, sans-serif;font-weight: bold;line-height: 3rem;color: var(--dark-grey3);font-size: 22px;font-style: normal;letter-spacing: normal;text-align: start;text-indent: 0px;text-transform: none\">Informa\u00e7\u00f5es t\u00e9cnicas<\/h4>\n<p><span style=\"margin: 0px;padding: 0px;font-weight: 450;font-size: 14px;line-height: 21px;color: var(--dark-grey2);font-family: Lato, sans-serif;font-style: normal;letter-spacing: normal;text-align: start;text-indent: 0px;text-transform: none\">Produto: Pano<br \/>\nMarca: Naveg<br \/>\nMaterial: Microfibra<br \/>\nCor: Laranja, azul, rosa e amarelo<br \/>\nCaracter\u00edsticas: N\u00e3o risca<br \/>\nN\u00e3o solta fiapos<br \/>\nLimpa qualquer superf\u00edcie<br \/>\nElimina poeira, sujeira, graxa e l\u00edquidos<br \/>\nItens Inclusos: 4 panos<br \/>\nDimens\u00f5es do produto (A X L): 30 x 40cm<br \/>\n<\/span><\/p>\n","protected":false},"featured_media":9709,"template":"","meta":{"_joinchat":[]},"product_brand":[],"product_cat":[96],"product_tag":[],"class_list":{"0":"post-9640","1":"product","2":"type-product","3":"status-publish","4":"has-post-thumbnail","6":"product_cat-limpeza-e-cia","8":"first","9":"outofstock","10":"shipping-taxable","11":"product-type-simple"},"_links":{"self":[{"href":"https:\/\/www.multicasa.com.br\/inicio\/wp-json\/wp\/v2\/product\/9640","targetHints":{"allow":["GET"]}}],"collection":[{"href":"https:\/\/www.multicasa.com.br\/inicio\/wp-json\/wp\/v2\/product"}],"about":[{"href":"https:\/\/www.multicasa.com.br\/inicio\/wp-json\/wp\/v2\/types\/product"}],"wp:featuredmedia":[{"embeddable":true,"href":"https:\/\/www.multicasa.com.br\/inicio\/wp-json\/wp\/v2\/media\/9709"}],"wp:attachment":[{"href":"https:\/\/www.multicasa.com.br\/inicio\/wp-json\/wp\/v2\/media?parent=9640"}],"wp:term":[{"taxonomy":"product_brand","embeddable":true,"href":"https:\/\/www.multicasa.com.br\/inicio\/wp-json\/wp\/v2\/product_brand?post=9640"},{"taxonomy":"product_cat","embeddable":true,"href":"https:\/\/www.multicasa.com.br\/inicio\/wp-json\/wp\/v2\/product_cat?post=9640"},{"taxonomy":"product_tag","embeddable":true,"href":"https:\/\/www.multicasa.com.br\/inicio\/wp-json\/wp\/v2\/product_tag?post=9640"}],"curies":[{"name":"wp","href":"https:\/\/api.w.org\/{rel}","templated":true}]}}