{"id":9642,"date":"2025-06-20T17:46:15","date_gmt":"2025-06-20T21:46:15","guid":{"rendered":"https:\/\/www.multicasa.com.br\/inicio\/?post_type=product&#038;p=9642"},"modified":"2025-06-20T17:47:08","modified_gmt":"2025-06-20T21:47:08","slug":"algodao-para-polimento-proauto-100g","status":"publish","type":"product","link":"https:\/\/www.multicasa.com.br\/inicio\/produto\/algodao-para-polimento-proauto-100g\/","title":{"rendered":"Algod\u00e3o para Polimento Proauto 100g"},"content":{"rendered":"<p>Agora voc\u00ea pode limpar pratarias, seu carro, vidros, espelhos e outras superf\u00edcies delicadas sem arranhar ou danific\u00e1-las. O algod\u00e3o para polimento Proauto foi desenvolvido 100% em algod\u00e3o de alt\u00edssima qualidade para proporcionar efici\u00eancia em sua aplica\u00e7\u00e3o. Ideal para quem busca facilidade e praticidade.<\/p>\n","protected":false},"excerpt":{"rendered":"<h4 style=\"margin: 0px;padding: 0px 0px 16px;font-family: Lato, sans-serif;font-weight: bold;line-height: 3rem;color: var(--dark-grey3);font-size: 22px;font-style: normal;letter-spacing: normal;text-align: start;text-indent: 0px;text-transform: none\">Informa\u00e7\u00f5es t\u00e9cnicas<\/h4>\n<p><span style=\"margin: 0px;padding: 0px;font-weight: 450;font-size: 14px;line-height: 21px;color: var(--dark-grey2);font-family: Lato, sans-serif;font-style: normal;letter-spacing: normal;text-align: start;text-indent: 0px;text-transform: none\">Produto: Algod\u00e3o para Polimento<br \/>\nMarca: Proauto<br \/>\nMaterial: 100% algod\u00e3o<br \/>\nUso indicado: Para limpeza e polimento em geral<br \/>\nConte\u00fado: 100g<br \/>\nCaracter\u00edsticas: N\u00e3o desfia<br \/>\nN\u00e3o solta res\u00edduos<br \/>\nAlto rendimento<br \/>\nItens Inclusos: 1 Algod\u00e3o para Polimento<br \/>\n<\/span><\/p>\n","protected":false},"featured_media":9720,"template":"","meta":{"_joinchat":[]},"product_brand":[],"product_cat":[142],"product_tag":[],"class_list":{"0":"post-9642","1":"product","2":"type-product","3":"status-publish","4":"has-post-thumbnail","6":"product_cat-utilidades-para-automoveis","8":"first","9":"outofstock","10":"shipping-taxable","11":"product-type-simple"},"_links":{"self":[{"href":"https:\/\/www.multicasa.com.br\/inicio\/wp-json\/wp\/v2\/product\/9642","targetHints":{"allow":["GET"]}}],"collection":[{"href":"https:\/\/www.multicasa.com.br\/inicio\/wp-json\/wp\/v2\/product"}],"about":[{"href":"https:\/\/www.multicasa.com.br\/inicio\/wp-json\/wp\/v2\/types\/product"}],"wp:featuredmedia":[{"embeddable":true,"href":"https:\/\/www.multicasa.com.br\/inicio\/wp-json\/wp\/v2\/media\/9720"}],"wp:attachment":[{"href":"https:\/\/www.multicasa.com.br\/inicio\/wp-json\/wp\/v2\/media?parent=9642"}],"wp:term":[{"taxonomy":"product_brand","embeddable":true,"href":"https:\/\/www.multicasa.com.br\/inicio\/wp-json\/wp\/v2\/product_brand?post=9642"},{"taxonomy":"product_cat","embeddable":true,"href":"https:\/\/www.multicasa.com.br\/inicio\/wp-json\/wp\/v2\/product_cat?post=9642"},{"taxonomy":"product_tag","embeddable":true,"href":"https:\/\/www.multicasa.com.br\/inicio\/wp-json\/wp\/v2\/product_tag?post=9642"}],"curies":[{"name":"wp","href":"https:\/\/api.w.org\/{rel}","templated":true}]}}