{"id":9644,"date":"2025-06-20T17:46:16","date_gmt":"2025-06-20T21:46:16","guid":{"rendered":"https:\/\/www.multicasa.com.br\/inicio\/?post_type=product&#038;p=9644"},"modified":"2025-06-20T17:47:12","modified_gmt":"2025-06-20T21:47:12","slug":"porta-shampoo-duplo-com-saboneteira-para-box-aco-preto-arthi","status":"publish","type":"product","link":"https:\/\/www.multicasa.com.br\/inicio\/produto\/porta-shampoo-duplo-com-saboneteira-para-box-aco-preto-arthi\/","title":{"rendered":"Porta Shampoo Duplo com Saboneteira para Box A\u00e7o Preto Arthi"},"content":{"rendered":"<p>Porta Shampoo Arthi Duplo para Box (que se adapta a qualquer modelo de box), \u00e9 ideal para armazenamento dos produtos de higiene pessoal, al\u00e9m de possuir saboneteira e ganchos para pendurar as toalhas. Produzido em a\u00e7o com acabamento preto acetinado, possui aplica\u00e7\u00e3o de verniz que aumenta a durabilidade e n\u00e3o descasca.<br \/>\nSuporte com alta resist\u00eancia e que confere sofistica\u00e7\u00e3o e praticidade ao banheiro, garantindo tudo \u00e0 m\u00e3o na hora do banho.<\/p>\n","protected":false},"excerpt":{"rendered":"<h4 style=\"margin: 0px;padding: 0px 0px 16px;font-family: Lato, sans-serif;font-weight: bold;line-height: 3rem;color: var(--dark-grey3);font-size: 22px;font-style: normal;letter-spacing: normal;text-align: start;text-indent: 0px;text-transform: none\">Informa\u00e7\u00f5es t\u00e9cnicas<\/h4>\n<p><span style=\"margin: 0px;padding: 0px;font-weight: 450;font-size: 14px;line-height: 21px;color: var(--dark-grey2);font-family: Lato, sans-serif;font-style: normal;letter-spacing: normal;text-align: start;text-indent: 0px;text-transform: none\">Produto: Porta shampoo e sabonete<br \/>\nMarca: Arthi<br \/>\nMaterial: A\u00e7o<br \/>\nCor: Preto<br \/>\nCaracter\u00edsticas: Possui ganchos para toalhas<br \/>\nItens inclusos: 1 Porta shampoo e sabonete<br \/>\nDimens\u00f5es do produto (A X L x P): 49 x 22,5 x 22,5cm<br \/>\nGarantia: 5 anos pelo fabricante<br \/>\n<\/span><\/p>\n","protected":false},"featured_media":9723,"template":"","meta":{"_joinchat":[]},"product_brand":[],"product_cat":[69],"product_tag":[],"class_list":{"0":"post-9644","1":"product","2":"type-product","3":"status-publish","4":"has-post-thumbnail","6":"product_cat-acessorios-para-banheiro","8":"first","9":"outofstock","10":"shipping-taxable","11":"product-type-simple"},"_links":{"self":[{"href":"https:\/\/www.multicasa.com.br\/inicio\/wp-json\/wp\/v2\/product\/9644","targetHints":{"allow":["GET"]}}],"collection":[{"href":"https:\/\/www.multicasa.com.br\/inicio\/wp-json\/wp\/v2\/product"}],"about":[{"href":"https:\/\/www.multicasa.com.br\/inicio\/wp-json\/wp\/v2\/types\/product"}],"wp:featuredmedia":[{"embeddable":true,"href":"https:\/\/www.multicasa.com.br\/inicio\/wp-json\/wp\/v2\/media\/9723"}],"wp:attachment":[{"href":"https:\/\/www.multicasa.com.br\/inicio\/wp-json\/wp\/v2\/media?parent=9644"}],"wp:term":[{"taxonomy":"product_brand","embeddable":true,"href":"https:\/\/www.multicasa.com.br\/inicio\/wp-json\/wp\/v2\/product_brand?post=9644"},{"taxonomy":"product_cat","embeddable":true,"href":"https:\/\/www.multicasa.com.br\/inicio\/wp-json\/wp\/v2\/product_cat?post=9644"},{"taxonomy":"product_tag","embeddable":true,"href":"https:\/\/www.multicasa.com.br\/inicio\/wp-json\/wp\/v2\/product_tag?post=9644"}],"curies":[{"name":"wp","href":"https:\/\/api.w.org\/{rel}","templated":true}]}}