{"id":9646,"date":"2025-06-20T17:46:16","date_gmt":"2025-06-20T21:46:16","guid":{"rendered":"https:\/\/www.multicasa.com.br\/inicio\/?post_type=product&#038;p=9646"},"modified":"2025-06-20T17:47:16","modified_gmt":"2025-06-20T21:47:16","slug":"prateleira-de-canto-dupla-em-aco-preta-com-ventosa-arthi-28x27cm","status":"publish","type":"product","link":"https:\/\/www.multicasa.com.br\/inicio\/produto\/prateleira-de-canto-dupla-em-aco-preta-com-ventosa-arthi-28x27cm\/","title":{"rendered":"Prateleira de Canto Dupla em A\u00e7o Preta com Ventosa Arthi 28x27cm"},"content":{"rendered":"<p>A Prateleira de Canto Dupla Arthi \u00e9 perfeita para otimizar os cantos do seu banheiro. Produzida em a\u00e7o preto com ventosa eliminando a necessidade do uso de pregos ou parafusos. Por possuir dois andares, comporta um grande n\u00famero de produtos. Decore e organize com muita facilidade.<\/p>\n","protected":false},"excerpt":{"rendered":"<h4 style=\"margin: 0px;padding: 0px 0px 16px;font-family: Lato, sans-serif;font-weight: bold;line-height: 3rem;color: var(--dark-grey3);font-size: 22px;font-style: normal;letter-spacing: normal;text-align: start;text-indent: 0px;text-transform: none\">Informa\u00e7\u00f5es t\u00e9cnicas<\/h4>\n<p><span style=\"margin: 0px;padding: 0px;font-weight: 450;font-size: 14px;line-height: 21px;color: var(--dark-grey2);font-family: Lato, sans-serif;font-style: normal;letter-spacing: normal;text-align: start;text-indent: 0px;text-transform: none\">Produto: Prateleira de Canto<br \/>\nMarca: Arthi<br \/>\nMaterial: A\u00e7o Emborrachado<br \/>\nCor: Preta<br \/>\nCaracter\u00edsticas: Dupla<br \/>\nPossui Ventosa<br \/>\nN\u00e3o risca<br \/>\nItens Inclusos: 1 Prateleira canto<br \/>\nDimens\u00f5es do produto (A x L x P): 28 x 27 x 19cm<\/span><\/p>\n","protected":false},"featured_media":9727,"template":"","meta":{"_joinchat":[]},"product_brand":[],"product_cat":[69],"product_tag":[],"class_list":{"0":"post-9646","1":"product","2":"type-product","3":"status-publish","4":"has-post-thumbnail","6":"product_cat-acessorios-para-banheiro","8":"first","9":"outofstock","10":"shipping-taxable","11":"product-type-simple"},"_links":{"self":[{"href":"https:\/\/www.multicasa.com.br\/inicio\/wp-json\/wp\/v2\/product\/9646","targetHints":{"allow":["GET"]}}],"collection":[{"href":"https:\/\/www.multicasa.com.br\/inicio\/wp-json\/wp\/v2\/product"}],"about":[{"href":"https:\/\/www.multicasa.com.br\/inicio\/wp-json\/wp\/v2\/types\/product"}],"wp:featuredmedia":[{"embeddable":true,"href":"https:\/\/www.multicasa.com.br\/inicio\/wp-json\/wp\/v2\/media\/9727"}],"wp:attachment":[{"href":"https:\/\/www.multicasa.com.br\/inicio\/wp-json\/wp\/v2\/media?parent=9646"}],"wp:term":[{"taxonomy":"product_brand","embeddable":true,"href":"https:\/\/www.multicasa.com.br\/inicio\/wp-json\/wp\/v2\/product_brand?post=9646"},{"taxonomy":"product_cat","embeddable":true,"href":"https:\/\/www.multicasa.com.br\/inicio\/wp-json\/wp\/v2\/product_cat?post=9646"},{"taxonomy":"product_tag","embeddable":true,"href":"https:\/\/www.multicasa.com.br\/inicio\/wp-json\/wp\/v2\/product_tag?post=9646"}],"curies":[{"name":"wp","href":"https:\/\/api.w.org\/{rel}","templated":true}]}}