{"id":9679,"date":"2025-06-20T17:46:43","date_gmt":"2025-06-20T21:46:43","guid":{"rendered":"https:\/\/www.multicasa.com.br\/inicio\/?post_type=product&#038;p=9679"},"modified":"2025-12-19T10:01:54","modified_gmt":"2025-12-19T14:01:54","slug":"pa-de-lixo-brilhus-com-friso-limpadora-de-vassoura-bettanin","status":"publish","type":"product","link":"https:\/\/www.multicasa.com.br\/inicio\/produto\/pa-de-lixo-brilhus-com-friso-limpadora-de-vassoura-bettanin\/","title":{"rendered":"P\u00e1 de Lixo Brilhus com Friso Limpadora de Vassoura Bettanin"},"content":{"rendered":"<p>A P\u00e1 de Lixo Bettanin possui friso limpador para remover a poeira e res\u00edduos que ficam nas cerdas das vassouras.<\/p>\n","protected":false},"excerpt":{"rendered":"<h4 style=\"margin: 0px;padding: 0px 0px 16px;font-family: Lato, sans-serif;font-weight: bold;line-height: 3rem;color: var(--dark-grey3);font-size: 22px;font-style: normal;letter-spacing: normal;text-align: start;text-indent: 0px;text-transform: none\">Informa\u00e7\u00f5es t\u00e9cnicas<\/h4>\n<p><span style=\"margin: 0px;padding: 0px;font-weight: 450;font-size: 14px;line-height: 21px;color: var(--dark-grey2);font-family: Lato, sans-serif;font-style: normal;letter-spacing: normal;text-align: start;text-indent: 0px;text-transform: none\">Produto: P\u00e1 de lixo<br \/>\nMarca: Bettanin<br \/>\nMaterial: Pl\u00e1stico<br \/>\nCor: Laranja<br \/>\nItens Inclusos: 1 p\u00e1<br \/>\nDimens\u00f5es do produto (A X L X P): 29,2 X 22,1 X 6,4CM<\/span><\/p>\n","protected":false},"featured_media":9740,"template":"","meta":{"_joinchat":[]},"product_brand":[],"product_cat":[96],"product_tag":[],"class_list":{"0":"post-9679","1":"product","2":"type-product","3":"status-publish","4":"has-post-thumbnail","6":"product_cat-limpeza-e-cia","8":"first","9":"instock","10":"shipping-taxable","11":"purchasable","12":"product-type-simple"},"_links":{"self":[{"href":"https:\/\/www.multicasa.com.br\/inicio\/wp-json\/wp\/v2\/product\/9679","targetHints":{"allow":["GET"]}}],"collection":[{"href":"https:\/\/www.multicasa.com.br\/inicio\/wp-json\/wp\/v2\/product"}],"about":[{"href":"https:\/\/www.multicasa.com.br\/inicio\/wp-json\/wp\/v2\/types\/product"}],"wp:featuredmedia":[{"embeddable":true,"href":"https:\/\/www.multicasa.com.br\/inicio\/wp-json\/wp\/v2\/media\/9740"}],"wp:attachment":[{"href":"https:\/\/www.multicasa.com.br\/inicio\/wp-json\/wp\/v2\/media?parent=9679"}],"wp:term":[{"taxonomy":"product_brand","embeddable":true,"href":"https:\/\/www.multicasa.com.br\/inicio\/wp-json\/wp\/v2\/product_brand?post=9679"},{"taxonomy":"product_cat","embeddable":true,"href":"https:\/\/www.multicasa.com.br\/inicio\/wp-json\/wp\/v2\/product_cat?post=9679"},{"taxonomy":"product_tag","embeddable":true,"href":"https:\/\/www.multicasa.com.br\/inicio\/wp-json\/wp\/v2\/product_tag?post=9679"}],"curies":[{"name":"wp","href":"https:\/\/api.w.org\/{rel}","templated":true}]}}