{"id":9680,"date":"2025-06-20T17:46:43","date_gmt":"2025-06-20T21:46:43","guid":{"rendered":"https:\/\/www.multicasa.com.br\/inicio\/?post_type=product&#038;p=9680"},"modified":"2025-06-20T17:47:32","modified_gmt":"2025-06-20T21:47:32","slug":"organizador-de-comprimidos-7-compartimentos-com-tampa-art-design","status":"publish","type":"product","link":"https:\/\/www.multicasa.com.br\/inicio\/produto\/organizador-de-comprimidos-7-compartimentos-com-tampa-art-design\/","title":{"rendered":"Organizador de Comprimidos 7 Compartimentos com Tampa Art Design"},"content":{"rendered":"<p>Organizador de Comprimidos Art Design, fabricado em pl\u00e1stico resistente e design compacto e pr\u00e1tico. Possui compartimentos com tampa e \u00e9 transparente, possibilitando assim a visualiza\u00e7\u00e3o de cada c\u00e1psula ou comprimido que estiver guardado, tem trava em cada compartimento evitando que se abra e caia o medicamento.<br \/>\nPode ser usado tamb\u00e9m para guardar pequenos acess\u00f3rios.<br \/>\nTraga praticidade para o seu dia a dia e organize seus medicamentos com facilidade!<\/p>\n","protected":false},"excerpt":{"rendered":"<h4 style=\"margin: 0px;padding: 0px 0px 16px;font-family: Lato, sans-serif;font-weight: bold;line-height: 3rem;color: var(--dark-grey3);font-size: 22px;font-style: normal;letter-spacing: normal;text-align: start;text-indent: 0px;text-transform: none\">Informa\u00e7\u00f5es t\u00e9cnicas<\/h4>\n<p><span style=\"margin: 0px;padding: 0px;font-weight: 450;font-size: 14px;line-height: 21px;color: var(--dark-grey2);font-family: Lato, sans-serif;font-style: normal;letter-spacing: normal;text-align: start;text-indent: 0px;text-transform: none\">Produto: Porta comprimidos<br \/>\nMarca: Art Design<br \/>\nMaterial: Pl\u00e1stico<br \/>\nCaracter\u00edsticas: Transparente<br \/>\nDividido em dias da semana<br \/>\nPossui 7 divis\u00f3rias<br \/>\nTrava individual em cada compartimento<br \/>\nItens Inclusos: 1 porta comprimidos<br \/>\nDimens\u00f5es do produto (A x L): 6,5 x 10cm<br \/>\n<\/span><\/p>\n","protected":false},"featured_media":9752,"template":"","meta":{"_joinchat":[]},"product_brand":[],"product_cat":[98],"product_tag":[],"class_list":{"0":"post-9680","1":"product","2":"type-product","3":"status-publish","4":"has-post-thumbnail","6":"product_cat-organizadores","8":"first","9":"outofstock","10":"shipping-taxable","11":"product-type-simple"},"_links":{"self":[{"href":"https:\/\/www.multicasa.com.br\/inicio\/wp-json\/wp\/v2\/product\/9680","targetHints":{"allow":["GET"]}}],"collection":[{"href":"https:\/\/www.multicasa.com.br\/inicio\/wp-json\/wp\/v2\/product"}],"about":[{"href":"https:\/\/www.multicasa.com.br\/inicio\/wp-json\/wp\/v2\/types\/product"}],"wp:featuredmedia":[{"embeddable":true,"href":"https:\/\/www.multicasa.com.br\/inicio\/wp-json\/wp\/v2\/media\/9752"}],"wp:attachment":[{"href":"https:\/\/www.multicasa.com.br\/inicio\/wp-json\/wp\/v2\/media?parent=9680"}],"wp:term":[{"taxonomy":"product_brand","embeddable":true,"href":"https:\/\/www.multicasa.com.br\/inicio\/wp-json\/wp\/v2\/product_brand?post=9680"},{"taxonomy":"product_cat","embeddable":true,"href":"https:\/\/www.multicasa.com.br\/inicio\/wp-json\/wp\/v2\/product_cat?post=9680"},{"taxonomy":"product_tag","embeddable":true,"href":"https:\/\/www.multicasa.com.br\/inicio\/wp-json\/wp\/v2\/product_tag?post=9680"}],"curies":[{"name":"wp","href":"https:\/\/api.w.org\/{rel}","templated":true}]}}