{"id":9682,"date":"2025-06-20T17:46:44","date_gmt":"2025-06-20T21:46:44","guid":{"rendered":"https:\/\/www.multicasa.com.br\/inicio\/?post_type=product&#038;p=9682"},"modified":"2025-06-20T17:47:36","modified_gmt":"2025-06-20T21:47:36","slug":"multimetro-digital-hm-1001-hikari","status":"publish","type":"product","link":"https:\/\/www.multicasa.com.br\/inicio\/produto\/multimetro-digital-hm-1001-hikari\/","title":{"rendered":"Mult\u00edmetro Digital HM-1001 Hikari"},"content":{"rendered":"<p>O Mult\u00edmetro Digital HM-1001 Hikari \u00e9 a melhor escolha para iniciantes, devido ao seu baixo custo e diversas funcionalidades. Possui design compacto e display lcd de 2,5, com toda qualidade que a hikari oferece. Esse mult\u00edmetro possui recursos para aplica\u00e7\u00f5es em ambientes monof\u00e1sicos, bancadas e hobby. Faz medi\u00e7\u00e3o de tens\u00e3o dc e ac, corrente dc, resist\u00eancia, teste de diodo e transistor.<br \/>\nEle realiza teste de continuidade\/diodo, teste de onda quadrada e teste hfe. Possui mudan\u00e7a de faixa manual e indica\u00e7\u00e3o de bateria fraca que \u00e9 mostrada no display, assim como a indica\u00e7\u00e3o de sobrefaixa. <\/p>\n","protected":false},"excerpt":{"rendered":"<h4 style=\"margin: 0px;padding: 0px 0px 16px;font-family: Lato, sans-serif;font-weight: bold;line-height: 3rem;color: var(--dark-grey3);font-size: 22px;font-style: normal;letter-spacing: normal;text-align: start;text-indent: 0px;text-transform: none\">Informa\u00e7\u00f5es t\u00e9cnicas<\/h4>\n<p><span style=\"margin: 0px;padding: 0px;font-weight: 450;font-size: 14px;line-height: 21px;color: var(--dark-grey2);font-family: Lato, sans-serif;font-style: normal;letter-spacing: normal;text-align: start;text-indent: 0px;text-transform: none\">Produto: Mult\u00edmetro Digital<br \/>\nMarca: Hikari<br \/>\nModelo: HM1001<br \/>\nCor: Amarelo e cinza<br \/>\nAlimenta\u00e7\u00e3o: Bateria de 9v<br \/>\nCaracter\u00edsticas: Display de lcd<br \/>\n2000 contagens (3 1\/2 d\u00edgitos)<br \/>\nTens\u00e3o dc de 200m\/2000m\/20\/200\/1000v<br \/>\nTens\u00e3o ac de 200\/750v<br \/>\nCorrente dc de 2000\/20m\/200m\/10a<br \/>\nResistencia de 200\/2000\/20k\/200k\/2000k<br \/>\nPossui teste de continuidade\/diodo<br \/>\nPossui teste de onda quadrada<br \/>\nPossui teste hfe<br \/>\nMudan\u00e7a de faixa manual<br \/>\nIndica\u00e7\u00e3o de bateria fraca<br \/>\nPrecis\u00e3o b\u00e1sica de 0,5%<br \/>\nCategoria cat i 1000v<br \/>\nAmbiente de opera\u00e7\u00e3o 0\u00b0C a 40\u00b0C<br \/>\nAmbiente de armazenamento -10\u00b0C a 60\u00b0C<br \/>\nTaxa de amostragem de aproximadamente 2 vezes por segundo<br \/>\nIndica\u00e7\u00e3o de sobrefaixa mostrado no display<br \/>\nDupla isola\u00e7\u00e3o<br \/>\nSeguran\u00e7a\/conformidade de iec1010 sobretens\u00e3o e dupla isola\u00e7\u00e3o, cat i 1000v<br \/>\nProte\u00e7\u00e3o por fus\u00edvel de 500 ma\/250v<br \/>\nItens inclusos: Mult\u00edmetro Digital<br \/>\nDimens\u00f5es do produto (A X L X P): 12,4 x 6,8 x 2,4cm<br \/>\nPeso do produto: 110g<br \/>\n<\/span><\/p>\n","protected":false},"featured_media":9757,"template":"","meta":{"_joinchat":[]},"product_brand":[],"product_cat":[152],"product_tag":[],"class_list":{"0":"post-9682","1":"product","2":"type-product","3":"status-publish","4":"has-post-thumbnail","6":"product_cat-ferramentas-eletricas","8":"first","9":"outofstock","10":"shipping-taxable","11":"product-type-simple"},"_links":{"self":[{"href":"https:\/\/www.multicasa.com.br\/inicio\/wp-json\/wp\/v2\/product\/9682","targetHints":{"allow":["GET"]}}],"collection":[{"href":"https:\/\/www.multicasa.com.br\/inicio\/wp-json\/wp\/v2\/product"}],"about":[{"href":"https:\/\/www.multicasa.com.br\/inicio\/wp-json\/wp\/v2\/types\/product"}],"wp:featuredmedia":[{"embeddable":true,"href":"https:\/\/www.multicasa.com.br\/inicio\/wp-json\/wp\/v2\/media\/9757"}],"wp:attachment":[{"href":"https:\/\/www.multicasa.com.br\/inicio\/wp-json\/wp\/v2\/media?parent=9682"}],"wp:term":[{"taxonomy":"product_brand","embeddable":true,"href":"https:\/\/www.multicasa.com.br\/inicio\/wp-json\/wp\/v2\/product_brand?post=9682"},{"taxonomy":"product_cat","embeddable":true,"href":"https:\/\/www.multicasa.com.br\/inicio\/wp-json\/wp\/v2\/product_cat?post=9682"},{"taxonomy":"product_tag","embeddable":true,"href":"https:\/\/www.multicasa.com.br\/inicio\/wp-json\/wp\/v2\/product_tag?post=9682"}],"curies":[{"name":"wp","href":"https:\/\/api.w.org\/{rel}","templated":true}]}}