{"id":9683,"date":"2025-06-20T17:46:44","date_gmt":"2025-06-20T21:46:44","guid":{"rendered":"https:\/\/www.multicasa.com.br\/inicio\/?post_type=product&#038;p=9683"},"modified":"2025-12-16T18:47:50","modified_gmt":"2025-12-16T22:47:50","slug":"ferro-de-passar-a-vapor-e-a-seco-blackdecker-fx3100-127v","status":"publish","type":"product","link":"https:\/\/www.multicasa.com.br\/inicio\/produto\/ferro-de-passar-a-vapor-e-a-seco-blackdecker-fx3100-127v\/","title":{"rendered":"Ferro de Passar a Vapor e a Seco Black+Decker FX3100 127V"},"content":{"rendered":"<p>O Ferro de Passar a Vapor e a Seco Black+Decker FX3100 127V possui um grande reservat\u00f3rio de \u00e1gua de 470ml com antigotejamento, um dos maiores do mercado, para voc\u00ea passar suas roupas mais r\u00e1pido e sem interrup\u00e7\u00f5es. Base com revestimento Ceramic Gliss, desliza suavemente e evita o excesso de brilho em tecidos delicados. Com vapor vertical que permite tirar pequenos amassados das roupas direto no cabide.<\/p>\n","protected":false},"excerpt":{"rendered":"<h4 style=\"margin: 0px;padding: 0px 0px 16px;font-family: Lato, sans-serif;font-weight: bold;line-height: 3rem;color: var(--dark-grey3);font-size: 22px;font-style: normal;letter-spacing: normal;text-align: start;text-indent: 0px;text-transform: none\">Informa\u00e7\u00f5es t\u00e9cnicas<\/h4>\n<p><span style=\"margin: 0px;padding: 0px;font-weight: 450;font-size: 14px;line-height: 21px;color: var(--dark-grey2);font-family: Lato, sans-serif;font-style: normal;letter-spacing: normal;text-align: start;text-indent: 0px;text-transform: none\">Produto: Ferro de Passar<br \/>\nTipo: A vapor e a seco<br \/>\nMarca: Black+Decker<br \/>\nModelo: FX3100<br \/>\nMaterial: Pl\u00e1stico<br \/>\nCor: Cinza e laranja<br \/>\nPot\u00eancia: 1200w<br \/>\nTens\u00e3o el\u00e9trica: 127v<br \/>\nCapacidade: 470ml<br \/>\nCaracter\u00edsticas: Spray frontal; Ajuste da intensidade de vapor; Seletor para escolha do tipo de tecido; Sistema antigotejamento: impede que a \u00e1gua vaze quando o ferro estuver frio; Ponta afunilada para melhor alcance em \u00e1reas com bot\u00f5es e golas; Luz indicadora de funcionamento; Cabo anat\u00f4mico com giro 360\u00b0; Sistema autolimpante; Poupa bot\u00f5es em toda a lateral do ferro; Comprimento do cabo: 1,93m; Frequ\u00eancia: 60 Hz; Consumo de energia: 0.89 kw\/h; Temperatura: 180\u00b0C at\u00e9 200\u00b0C; Quantidade de vapor: 22.4 g\/min.<br \/>\nItens Inclusos: 1 ferro de passar<br \/>\nDimens\u00f5es do produto (A x L x P): 0,16 x 0,13 x 0,32cm                                                                                               Peso: 1,344kg<br \/>\nGarantia: 1 ano<br \/>\nOCP: 0040<\/span><\/p>\n","protected":false},"featured_media":9760,"template":"","meta":{"_joinchat":[]},"product_brand":[],"product_cat":[95],"product_tag":[],"class_list":{"0":"post-9683","1":"product","2":"type-product","3":"status-publish","4":"has-post-thumbnail","6":"product_cat-lavanderia","8":"first","9":"outofstock","10":"shipping-taxable","11":"purchasable","12":"product-type-simple"},"_links":{"self":[{"href":"https:\/\/www.multicasa.com.br\/inicio\/wp-json\/wp\/v2\/product\/9683","targetHints":{"allow":["GET"]}}],"collection":[{"href":"https:\/\/www.multicasa.com.br\/inicio\/wp-json\/wp\/v2\/product"}],"about":[{"href":"https:\/\/www.multicasa.com.br\/inicio\/wp-json\/wp\/v2\/types\/product"}],"wp:featuredmedia":[{"embeddable":true,"href":"https:\/\/www.multicasa.com.br\/inicio\/wp-json\/wp\/v2\/media\/9760"}],"wp:attachment":[{"href":"https:\/\/www.multicasa.com.br\/inicio\/wp-json\/wp\/v2\/media?parent=9683"}],"wp:term":[{"taxonomy":"product_brand","embeddable":true,"href":"https:\/\/www.multicasa.com.br\/inicio\/wp-json\/wp\/v2\/product_brand?post=9683"},{"taxonomy":"product_cat","embeddable":true,"href":"https:\/\/www.multicasa.com.br\/inicio\/wp-json\/wp\/v2\/product_cat?post=9683"},{"taxonomy":"product_tag","embeddable":true,"href":"https:\/\/www.multicasa.com.br\/inicio\/wp-json\/wp\/v2\/product_tag?post=9683"}],"curies":[{"name":"wp","href":"https:\/\/api.w.org\/{rel}","templated":true}]}}