{"id":9686,"date":"2025-06-20T17:46:44","date_gmt":"2025-06-20T21:46:44","guid":{"rendered":"https:\/\/www.multicasa.com.br\/inicio\/?post_type=product&#038;p=9686"},"modified":"2025-06-20T17:47:41","modified_gmt":"2025-06-20T21:47:41","slug":"lysoform-desinfetante-liquido-lavanda-1l","status":"publish","type":"product","link":"https:\/\/www.multicasa.com.br\/inicio\/produto\/lysoform-desinfetante-liquido-lavanda-1l\/","title":{"rendered":"Lysoform Desinfetante L\u00edquido Lavanda 1L"},"content":{"rendered":"<p>O Lysoform Desinfetante L\u00edquido com fragr\u00e2ncia de Lavanda \u00e9 ideal para uso geral, possui efeito bactericida, limpa e desinfeta profundamente, deixando o ambiente limpo e livre dos indesej\u00e1veis micro-organismos respons\u00e1veis por doen\u00e7as e mau cheiro. Recomendado por m\u00e9dicos para desinfetar sua casa!<\/p>\n","protected":false},"excerpt":{"rendered":"<h4 style=\"margin: 0px;padding: 0px 0px 16px;font-family: Lato, sans-serif;font-weight: bold;line-height: 3rem;color: var(--dark-grey3);font-size: 22px;font-style: normal;letter-spacing: normal;text-align: start;text-indent: 0px;text-transform: none\">Informa\u00e7\u00f5es t\u00e9cnicas<\/h4>\n<p><span style=\"margin: 0px;padding: 0px;font-weight: 450;font-size: 14px;line-height: 21px;color: var(--dark-grey2);font-family: Lato, sans-serif;font-style: normal;letter-spacing: normal;text-align: start;text-indent: 0px;text-transform: none\"><br \/>\nProduto: Desinfetante<br \/>\nMarca: Lysoform<br \/>\nConte\u00fado: 1L<br \/>\nUso Indicado: Limpeza profunda e desinfetante<br \/>\nCaracter\u00edsticas: Mata 99,9% dos germes e bact\u00e9rias<br \/>\nFragr\u00e2ncia lavanda<br \/>\nItens Inclusos: 1 desinfetante<br \/>\nDimens\u00f5es do produto (A x L): 10,5 x 8cm<br \/>\n<\/span><\/p>\n","protected":false},"featured_media":9764,"template":"","meta":{"_joinchat":[]},"product_brand":[],"product_cat":[96],"product_tag":[],"class_list":{"0":"post-9686","1":"product","2":"type-product","3":"status-publish","4":"has-post-thumbnail","6":"product_cat-limpeza-e-cia","8":"first","9":"outofstock","10":"shipping-taxable","11":"product-type-simple"},"_links":{"self":[{"href":"https:\/\/www.multicasa.com.br\/inicio\/wp-json\/wp\/v2\/product\/9686","targetHints":{"allow":["GET"]}}],"collection":[{"href":"https:\/\/www.multicasa.com.br\/inicio\/wp-json\/wp\/v2\/product"}],"about":[{"href":"https:\/\/www.multicasa.com.br\/inicio\/wp-json\/wp\/v2\/types\/product"}],"wp:featuredmedia":[{"embeddable":true,"href":"https:\/\/www.multicasa.com.br\/inicio\/wp-json\/wp\/v2\/media\/9764"}],"wp:attachment":[{"href":"https:\/\/www.multicasa.com.br\/inicio\/wp-json\/wp\/v2\/media?parent=9686"}],"wp:term":[{"taxonomy":"product_brand","embeddable":true,"href":"https:\/\/www.multicasa.com.br\/inicio\/wp-json\/wp\/v2\/product_brand?post=9686"},{"taxonomy":"product_cat","embeddable":true,"href":"https:\/\/www.multicasa.com.br\/inicio\/wp-json\/wp\/v2\/product_cat?post=9686"},{"taxonomy":"product_tag","embeddable":true,"href":"https:\/\/www.multicasa.com.br\/inicio\/wp-json\/wp\/v2\/product_tag?post=9686"}],"curies":[{"name":"wp","href":"https:\/\/api.w.org\/{rel}","templated":true}]}}