{"id":9687,"date":"2025-06-20T17:46:44","date_gmt":"2025-06-20T21:46:44","guid":{"rendered":"https:\/\/www.multicasa.com.br\/inicio\/?post_type=product&#038;p=9687"},"modified":"2025-06-20T17:47:44","modified_gmt":"2025-06-20T21:47:44","slug":"grampeador-de-metal-24-6-26-6-ate-20-folhas-kaz","status":"publish","type":"product","link":"https:\/\/www.multicasa.com.br\/inicio\/produto\/grampeador-de-metal-24-6-26-6-ate-20-folhas-kaz\/","title":{"rendered":"Grampeador de Metal 24\/6 &#8211; 26\/6 at\u00e9 20 folhas Kaz"},"content":{"rendered":"<p>O Grampeador de Metal da Kaz grampeia at\u00e9 20 folhas. Com medida de 11,5cm, utiliza grampos de 24\/6 e 26\/6. Dispon\u00edvel na cor preto. Grampos n\u00e3o inclusos.<\/p>\n","protected":false},"excerpt":{"rendered":"<h4 style=\"margin: 0px;padding: 0px 0px 16px;font-family: Lato, sans-serif;font-weight: bold;line-height: 3rem;color: var(--dark-grey3);font-size: 22px;font-style: normal;letter-spacing: normal;text-align: start;text-indent: 0px;text-transform: none\">Informa\u00e7\u00f5es t\u00e9cnicas<\/h4>\n<p><span style=\"margin: 0px;padding: 0px;font-weight: 450;font-size: 14px;line-height: 21px;color: var(--dark-grey2);font-family: Lato, sans-serif;font-style: normal;letter-spacing: normal;text-align: start;text-indent: 0px;text-transform: none\">Produto: Grampeador<br \/>\nMarca: Kaz<br \/>\nMaterial: Metal e pintura eletroest\u00e1tica<br \/>\nCor: Preto<br \/>\nCapacidade: Para 20 folhas<br \/>\nCaracter\u00edsticas: Utiliza grampos 24\/6 e 26\/6<br \/>\nItens Inclusos: 1 grampeador<br \/>\nDimens\u00f5es do produto (A x L x P): 5,5 x 11,5 x 3,4cm<\/span><\/p>\n","protected":false},"featured_media":9765,"template":"","meta":{"_joinchat":[]},"product_brand":[],"product_cat":[97],"product_tag":[],"class_list":{"0":"post-9687","1":"product","2":"type-product","3":"status-publish","4":"has-post-thumbnail","6":"product_cat-papelaria","8":"first","9":"outofstock","10":"shipping-taxable","11":"product-type-simple"},"_links":{"self":[{"href":"https:\/\/www.multicasa.com.br\/inicio\/wp-json\/wp\/v2\/product\/9687","targetHints":{"allow":["GET"]}}],"collection":[{"href":"https:\/\/www.multicasa.com.br\/inicio\/wp-json\/wp\/v2\/product"}],"about":[{"href":"https:\/\/www.multicasa.com.br\/inicio\/wp-json\/wp\/v2\/types\/product"}],"wp:featuredmedia":[{"embeddable":true,"href":"https:\/\/www.multicasa.com.br\/inicio\/wp-json\/wp\/v2\/media\/9765"}],"wp:attachment":[{"href":"https:\/\/www.multicasa.com.br\/inicio\/wp-json\/wp\/v2\/media?parent=9687"}],"wp:term":[{"taxonomy":"product_brand","embeddable":true,"href":"https:\/\/www.multicasa.com.br\/inicio\/wp-json\/wp\/v2\/product_brand?post=9687"},{"taxonomy":"product_cat","embeddable":true,"href":"https:\/\/www.multicasa.com.br\/inicio\/wp-json\/wp\/v2\/product_cat?post=9687"},{"taxonomy":"product_tag","embeddable":true,"href":"https:\/\/www.multicasa.com.br\/inicio\/wp-json\/wp\/v2\/product_tag?post=9687"}],"curies":[{"name":"wp","href":"https:\/\/api.w.org\/{rel}","templated":true}]}}