{"id":9688,"date":"2025-06-20T17:46:44","date_gmt":"2025-06-20T21:46:44","guid":{"rendered":"https:\/\/www.multicasa.com.br\/inicio\/?post_type=product&#038;p=9688"},"modified":"2025-06-20T17:47:45","modified_gmt":"2025-06-20T21:47:45","slug":"tapete-passadeira-de-cozinha-tropical-marmore-cinza-kapazi-43cm-x-1m","status":"publish","type":"product","link":"https:\/\/www.multicasa.com.br\/inicio\/produto\/tapete-passadeira-de-cozinha-tropical-marmore-cinza-kapazi-43cm-x-1m\/","title":{"rendered":"Tapete Passadeira de Cozinha Tropical Marm\u00f3re Cinza Kapazi 43cm x 1m"},"content":{"rendered":"<p>Manter sua casa e cozinha em ordem vai ficar ainda mais f\u00e1cil com o Tapete Passadeira de Cozinha Tropical Kapazi. Vendido por metro, possui 43cm de largura. Com estampa de zig zag que imita marm\u00f3re cinza, \u00e9 ideal para voc\u00ea deixar ao p\u00e9 da pia e em outras \u00e1reas de passagem onde pode haver mais sujeira no ch\u00e3o. Antiderrapante, adere-se ao piso para evitar acidentes como escorreg\u00f5es e quedas. A passadeira de cozinha \u00e9 ideal para suprir a sua necessidade porque vem do tamanho que voc\u00ea precisa, dando um toque alegre e colorido conforme o seu gosto para decorar seu lar!<\/p>\n","protected":false},"excerpt":{"rendered":"<h4 style=\"margin: 0px;padding: 0px 0px 16px;font-family: Lato, sans-serif;font-weight: bold;line-height: 3rem;color: var(--dark-grey3);font-size: 22px;font-style: normal;letter-spacing: normal;text-align: start;text-indent: 0px;text-transform: none\">Informa\u00e7\u00f5es t\u00e9cnicas<\/h4>\n<p><span style=\"margin: 0px;padding: 0px;font-weight: 450;font-size: 14px;line-height: 21px;color: var(--dark-grey2);font-family: Lato, sans-serif;font-style: normal;letter-spacing: normal;text-align: start;text-indent: 0px;text-transform: none\">Produto: Tapete Passadeira de Cozinha<br \/>\nMarca: Kapazi<br \/>\nMaterial: Material: 95% Trivinil; 5% poli\u00e9ster<br \/>\nCor: Estampa Zig Marm\u00f3re Cinza<br \/>\nItens Inclusos: 1 Tapete Passadeira de Cozinha por metro<br \/>\nDimens\u00f5es do produto (A x L x P): 43cm x 1m x 0,5cm<\/span><\/p>\n","protected":false},"featured_media":9768,"template":"","meta":{"_joinchat":[]},"product_brand":[],"product_cat":[96],"product_tag":[],"class_list":{"0":"post-9688","1":"product","2":"type-product","3":"status-publish","4":"has-post-thumbnail","6":"product_cat-limpeza-e-cia","8":"first","9":"outofstock","10":"shipping-taxable","11":"product-type-simple"},"_links":{"self":[{"href":"https:\/\/www.multicasa.com.br\/inicio\/wp-json\/wp\/v2\/product\/9688","targetHints":{"allow":["GET"]}}],"collection":[{"href":"https:\/\/www.multicasa.com.br\/inicio\/wp-json\/wp\/v2\/product"}],"about":[{"href":"https:\/\/www.multicasa.com.br\/inicio\/wp-json\/wp\/v2\/types\/product"}],"wp:featuredmedia":[{"embeddable":true,"href":"https:\/\/www.multicasa.com.br\/inicio\/wp-json\/wp\/v2\/media\/9768"}],"wp:attachment":[{"href":"https:\/\/www.multicasa.com.br\/inicio\/wp-json\/wp\/v2\/media?parent=9688"}],"wp:term":[{"taxonomy":"product_brand","embeddable":true,"href":"https:\/\/www.multicasa.com.br\/inicio\/wp-json\/wp\/v2\/product_brand?post=9688"},{"taxonomy":"product_cat","embeddable":true,"href":"https:\/\/www.multicasa.com.br\/inicio\/wp-json\/wp\/v2\/product_cat?post=9688"},{"taxonomy":"product_tag","embeddable":true,"href":"https:\/\/www.multicasa.com.br\/inicio\/wp-json\/wp\/v2\/product_tag?post=9688"}],"curies":[{"name":"wp","href":"https:\/\/api.w.org\/{rel}","templated":true}]}}