{"id":9714,"date":"2025-06-20T17:47:06","date_gmt":"2025-06-20T21:47:06","guid":{"rendered":"https:\/\/www.multicasa.com.br\/inicio\/?post_type=product&#038;p=9714"},"modified":"2025-08-17T19:04:07","modified_gmt":"2025-08-17T23:04:07","slug":"valvula-de-escoamento-para-pia-americana-cromada-dalcon","status":"publish","type":"product","link":"https:\/\/www.multicasa.com.br\/inicio\/produto\/valvula-de-escoamento-para-pia-americana-cromada-dalcon\/","title":{"rendered":"V\u00e1lvula de Escoamento para Pia Americana Cromada Dalcon"},"content":{"rendered":"<p>A V\u00e1lvula de Escoamento para Pia Americana Dalcon tem uma excelente vaz\u00e3o de escoamento de \u00e1gua. Em metal cromado, acompanha cestinha de pl\u00e1stico que garante melhor desempenho e m\u00e1xima resist\u00eancia.<\/p>\n","protected":false},"excerpt":{"rendered":"<h4 style=\"margin: 0px;padding: 0px 0px 16px;font-family: Lato, sans-serif;font-weight: bold;line-height: 3rem;color: var(--dark-grey3);font-size: 22px;font-style: normal;letter-spacing: normal;text-align: start;text-indent: 0px;text-transform: none\">Informa\u00e7\u00f5es t\u00e9cnicas<\/h4>\n<p><span style=\"margin: 0px;padding: 0px;font-weight: 450;font-size: 14px;line-height: 21px;color: var(--dark-grey2);font-family: Lato, sans-serif;font-style: normal;letter-spacing: normal;text-align: start;text-indent: 0px;text-transform: none\">Produto: V\u00e1lvula<br \/>\nMarca: Dalcon<br \/>\nMaterial: Metal<br \/>\nAcabamento: Cromado<br \/>\nCor: Prata<br \/>\nUso Indicado: Pia americana<br \/>\nCaracter\u00edsticas: Acompanha cestinha de pl\u00e1stico<br \/>\nItens inclusos: 1 V\u00e1lvula<br \/>\nDimens\u00f5es do produto (A X L): 4 x 8,5cm<br \/>\n<\/span><\/p>\n","protected":false},"featured_media":9788,"template":"","meta":{"_joinchat":[]},"product_brand":[],"product_cat":[69],"product_tag":[],"class_list":{"0":"post-9714","1":"product","2":"type-product","3":"status-publish","4":"has-post-thumbnail","6":"product_cat-acessorios-para-banheiro","8":"first","9":"outofstock","10":"shipping-taxable","11":"purchasable","12":"product-type-simple"},"_links":{"self":[{"href":"https:\/\/www.multicasa.com.br\/inicio\/wp-json\/wp\/v2\/product\/9714","targetHints":{"allow":["GET"]}}],"collection":[{"href":"https:\/\/www.multicasa.com.br\/inicio\/wp-json\/wp\/v2\/product"}],"about":[{"href":"https:\/\/www.multicasa.com.br\/inicio\/wp-json\/wp\/v2\/types\/product"}],"wp:featuredmedia":[{"embeddable":true,"href":"https:\/\/www.multicasa.com.br\/inicio\/wp-json\/wp\/v2\/media\/9788"}],"wp:attachment":[{"href":"https:\/\/www.multicasa.com.br\/inicio\/wp-json\/wp\/v2\/media?parent=9714"}],"wp:term":[{"taxonomy":"product_brand","embeddable":true,"href":"https:\/\/www.multicasa.com.br\/inicio\/wp-json\/wp\/v2\/product_brand?post=9714"},{"taxonomy":"product_cat","embeddable":true,"href":"https:\/\/www.multicasa.com.br\/inicio\/wp-json\/wp\/v2\/product_cat?post=9714"},{"taxonomy":"product_tag","embeddable":true,"href":"https:\/\/www.multicasa.com.br\/inicio\/wp-json\/wp\/v2\/product_tag?post=9714"}],"curies":[{"name":"wp","href":"https:\/\/api.w.org\/{rel}","templated":true}]}}