{"id":9716,"date":"2025-06-20T17:47:06","date_gmt":"2025-06-20T21:47:06","guid":{"rendered":"https:\/\/www.multicasa.com.br\/inicio\/?post_type=product&#038;p=9716"},"modified":"2025-08-18T01:44:30","modified_gmt":"2025-08-18T05:44:30","slug":"lampada-led-bulbo-rgb-com-controle-taschibra-9w-bivolt","status":"publish","type":"product","link":"https:\/\/www.multicasa.com.br\/inicio\/produto\/lampada-led-bulbo-rgb-com-controle-taschibra-9w-bivolt\/","title":{"rendered":"L\u00e2mpada Led Bulbo RGB com Controle Taschibra 9W Bivolt"},"content":{"rendered":"<p>A L\u00e2mpada Led Bulbo RGB com Controle Taschibra, emite diversas cores que s\u00e3o escolhidas atrav\u00e9s de controle remoto. Produzida em policarbonato e alum\u00ednio, com pot\u00eancia de 9w e bivolt. Com base soquete E27, \u00e9 poss\u00edvel manter uma \u00fanica cor ou alterar o modo que muda as cores automaticamente, tamb\u00e9m \u00e9 poss\u00edvel aumentar ou diminuir a intensidade do brilho. Ideal para usar em festas, resid\u00eancias ou em ambientes comerciais.<\/p>\n","protected":false},"excerpt":{"rendered":"<h4 style=\"margin: 0px;padding: 0px 0px 16px;font-family: Lato, sans-serif;font-weight: bold;line-height: 3rem;color: var(--dark-grey3);font-size: 22px;font-style: normal;letter-spacing: normal;text-align: start;text-indent: 0px;text-transform: none\">Informa\u00e7\u00f5es t\u00e9cnicas<\/h4>\n<p><span style=\"margin: 0px;padding: 0px;font-weight: 450;font-size: 14px;line-height: 21px;color: var(--dark-grey2);font-family: Lato, sans-serif;font-style: normal;letter-spacing: normal;text-align: start;text-indent: 0px;text-transform: none\">Produto: L\u00e2mpada<br \/>\nMarca: Taschibra<br \/>\nModelo: TKL RGB<br \/>\nMaterial: Policarbonato<br \/>\nAlum\u00ednio<br \/>\nCor: Branca<br \/>\nCor da luz: Azul, amarelo, verde e vermelho<br \/>\nPot\u00eancia: 9w<br \/>\nTens\u00e3o El\u00e9trica: 100v &#8211; 240v<br \/>\nFrequ\u00eancia: 50\/60hz<br \/>\nCaracter\u00edsticas: Base\/soquete E27<br \/>\nFluxo luminoso decorativo<br \/>\nIntensidade luminosa por controle remoto<br \/>\nFator de pot\u00eancia 0,5<br \/>\n\u00c2ngulo da abertura 200 graus<br \/>\nVida \u00fatil 20.000 horas<br \/>\nItens Inclusos: 1 L\u00e2mpada<br \/>\nDimens\u00f5es do produto (A X L): 19 x 16cm<br \/>\nGarantia: 1 ano<\/p>\n<p><\/span><\/p>\n","protected":false},"featured_media":25419,"template":"","meta":{"_joinchat":[]},"product_brand":[],"product_cat":[157],"product_tag":[],"class_list":{"0":"post-9716","1":"product","2":"type-product","3":"status-publish","4":"has-post-thumbnail","6":"product_cat-leds-decorativos","8":"first","9":"instock","10":"shipping-taxable","11":"purchasable","12":"product-type-simple"},"_links":{"self":[{"href":"https:\/\/www.multicasa.com.br\/inicio\/wp-json\/wp\/v2\/product\/9716","targetHints":{"allow":["GET"]}}],"collection":[{"href":"https:\/\/www.multicasa.com.br\/inicio\/wp-json\/wp\/v2\/product"}],"about":[{"href":"https:\/\/www.multicasa.com.br\/inicio\/wp-json\/wp\/v2\/types\/product"}],"wp:featuredmedia":[{"embeddable":true,"href":"https:\/\/www.multicasa.com.br\/inicio\/wp-json\/wp\/v2\/media\/25419"}],"wp:attachment":[{"href":"https:\/\/www.multicasa.com.br\/inicio\/wp-json\/wp\/v2\/media?parent=9716"}],"wp:term":[{"taxonomy":"product_brand","embeddable":true,"href":"https:\/\/www.multicasa.com.br\/inicio\/wp-json\/wp\/v2\/product_brand?post=9716"},{"taxonomy":"product_cat","embeddable":true,"href":"https:\/\/www.multicasa.com.br\/inicio\/wp-json\/wp\/v2\/product_cat?post=9716"},{"taxonomy":"product_tag","embeddable":true,"href":"https:\/\/www.multicasa.com.br\/inicio\/wp-json\/wp\/v2\/product_tag?post=9716"}],"curies":[{"name":"wp","href":"https:\/\/api.w.org\/{rel}","templated":true}]}}