{"id":9717,"date":"2025-06-20T17:47:06","date_gmt":"2025-06-20T21:47:06","guid":{"rendered":"https:\/\/www.multicasa.com.br\/inicio\/?post_type=product&#038;p=9717"},"modified":"2025-06-20T17:47:58","modified_gmt":"2025-06-20T21:47:58","slug":"lampada-de-led-bipino-amarela-taschibra-3w-127v","status":"publish","type":"product","link":"https:\/\/www.multicasa.com.br\/inicio\/produto\/lampada-de-led-bipino-amarela-taschibra-3w-127v\/","title":{"rendered":"L\u00e2mpada de Led Bipino Amarela Taschibra 3W &#8211; 127V"},"content":{"rendered":"<p>A l\u00e2mpada de LED bipino amarela da Taschibra tem design diferenciado, ideal para ser usado em lumin\u00e1rias de ambientes internos. Compat\u00edvel com soquete E27, n\u00e3o emite raios UV, n\u00e3o danifica a pele e permite o uso com sensor de presen\u00e7a. Possui 3w de pot\u00eancia, temperatura de cor em 2700K e 127v.<\/p>\n","protected":false},"excerpt":{"rendered":"<h4 style=\"margin: 0px;padding: 0px 0px 16px;font-family: Lato, sans-serif;font-weight: bold;line-height: 3rem;color: var(--dark-grey3);font-size: 22px;font-style: normal;letter-spacing: normal;text-align: start;text-indent: 0px;text-transform: none\">Informa\u00e7\u00f5es t\u00e9cnicas<\/h4>\n<p><span style=\"margin: 0px;padding: 0px;font-weight: 450;font-size: 14px;line-height: 21px;color: var(--dark-grey2);font-family: Lato, sans-serif;font-style: normal;letter-spacing: normal;text-align: start;text-indent: 0px;text-transform: none\">Produto: L\u00e2mpada<br \/>\nMarca: Taschibra<br \/>\nMaterial: Policarbonato<br \/>\nAlum\u00ednio<br \/>\nCor: Branca<br \/>\nCor da Luz: Amarelo<br \/>\nPot\u00eancia: 3w<br \/>\nTens\u00e3o El\u00e9trica: 127v<br \/>\nTemperatura de cor: 2700K<br \/>\nCaracter\u00edsticas: Soquete E27<br \/>\nFluxo Luminoso 260LM<br \/>\nEfici\u00eancia Luminosa 86LM\/W<br \/>\nFator de pot\u00eancia 0,4<br \/>\n\u00c2ngulo da abertura 300\u00b0<br \/>\nVida \u00datil 15000H<br \/>\nItens Inclusos: 1 L\u00e2mpada<br \/>\nDimens\u00f5es do produto (A X L): 13 x 8,8cm<br \/>\nGarantia: 3 anos<br \/>\n<\/span><\/p>\n","protected":false},"featured_media":9791,"template":"","meta":{"_joinchat":[]},"product_brand":[],"product_cat":[157],"product_tag":[],"class_list":{"0":"post-9717","1":"product","2":"type-product","3":"status-publish","4":"has-post-thumbnail","6":"product_cat-leds-decorativos","8":"first","9":"outofstock","10":"shipping-taxable","11":"product-type-simple"},"_links":{"self":[{"href":"https:\/\/www.multicasa.com.br\/inicio\/wp-json\/wp\/v2\/product\/9717","targetHints":{"allow":["GET"]}}],"collection":[{"href":"https:\/\/www.multicasa.com.br\/inicio\/wp-json\/wp\/v2\/product"}],"about":[{"href":"https:\/\/www.multicasa.com.br\/inicio\/wp-json\/wp\/v2\/types\/product"}],"wp:featuredmedia":[{"embeddable":true,"href":"https:\/\/www.multicasa.com.br\/inicio\/wp-json\/wp\/v2\/media\/9791"}],"wp:attachment":[{"href":"https:\/\/www.multicasa.com.br\/inicio\/wp-json\/wp\/v2\/media?parent=9717"}],"wp:term":[{"taxonomy":"product_brand","embeddable":true,"href":"https:\/\/www.multicasa.com.br\/inicio\/wp-json\/wp\/v2\/product_brand?post=9717"},{"taxonomy":"product_cat","embeddable":true,"href":"https:\/\/www.multicasa.com.br\/inicio\/wp-json\/wp\/v2\/product_cat?post=9717"},{"taxonomy":"product_tag","embeddable":true,"href":"https:\/\/www.multicasa.com.br\/inicio\/wp-json\/wp\/v2\/product_tag?post=9717"}],"curies":[{"name":"wp","href":"https:\/\/api.w.org\/{rel}","templated":true}]}}