{"id":9745,"date":"2025-06-20T17:47:28","date_gmt":"2025-06-20T21:47:28","guid":{"rendered":"https:\/\/www.multicasa.com.br\/inicio\/?post_type=product&#038;p=9745"},"modified":"2025-06-23T09:53:23","modified_gmt":"2025-06-23T13:53:23","slug":"cabide-de-veludo-bege-para-roupas-multiwork-3-unidades","status":"publish","type":"product","link":"https:\/\/www.multicasa.com.br\/inicio\/produto\/cabide-de-veludo-bege-para-roupas-multiwork-3-unidades\/","title":{"rendered":"Cabide de Veludo Bege para Roupas Multiwork 3 unidades"},"content":{"rendered":"<p>O Cabide de Veludo para Roupas da Multiwork \u00e9 perfeito para todos os tipos de tecido e roupas. Seu material antideslizante n\u00e3o marca as pe\u00e7as e as preserva sempre alinhadas. S\u00e3o 3 cabides revestidos de veludo bege que t\u00eam cava nas extremidades para blusas e vestidos de al\u00e7as, organizando seu arm\u00e1rio com eleg\u00e2ncia, beleza e sofistica\u00e7\u00e3o. Mede 45 x 23 cm. Use o cabide de veludo para organizar pe\u00e7as delicadas de tecidos finos como seda e cetim e prolongue a durabilidade das suas roupas.<\/p>\n","protected":false},"excerpt":{"rendered":"<h4 style=\"margin: 0px;padding: 0px 0px 16px;font-family: Lato, sans-serif;font-weight: bold;line-height: 3rem;color: var(--dark-grey3);font-size: 22px;font-style: normal;letter-spacing: normal;text-align: start;text-indent: 0px;text-transform: none\">Informa\u00e7\u00f5es t\u00e9cnicas<\/h4>\n<p><span style=\"margin: 0px;padding: 0px;font-weight: 450;font-size: 14px;line-height: 21px;color: var(--dark-grey2);font-family: Lato, sans-serif;font-style: normal;letter-spacing: normal;text-align: start;text-indent: 0px;text-transform: none\">Produto: Cabide para Roupas<br \/>\nMarca: Multiwork<br \/>\nMaterial: Veludo, pl\u00e1stico e metal<br \/>\nCor: Bege<br \/>\nItens Inclusos: 3 Cabides para roupas<br \/>\nDimens\u00f5es do produto (A X L): 45 x 23cm<\/span><\/p>\n","protected":false},"featured_media":24742,"template":"","meta":{"_joinchat":[]},"product_brand":[],"product_cat":[95],"product_tag":[],"class_list":{"0":"post-9745","1":"product","2":"type-product","3":"status-publish","4":"has-post-thumbnail","6":"product_cat-lavanderia","8":"first","9":"outofstock","10":"shipping-taxable","11":"product-type-simple"},"_links":{"self":[{"href":"https:\/\/www.multicasa.com.br\/inicio\/wp-json\/wp\/v2\/product\/9745","targetHints":{"allow":["GET"]}}],"collection":[{"href":"https:\/\/www.multicasa.com.br\/inicio\/wp-json\/wp\/v2\/product"}],"about":[{"href":"https:\/\/www.multicasa.com.br\/inicio\/wp-json\/wp\/v2\/types\/product"}],"wp:featuredmedia":[{"embeddable":true,"href":"https:\/\/www.multicasa.com.br\/inicio\/wp-json\/wp\/v2\/media\/24742"}],"wp:attachment":[{"href":"https:\/\/www.multicasa.com.br\/inicio\/wp-json\/wp\/v2\/media?parent=9745"}],"wp:term":[{"taxonomy":"product_brand","embeddable":true,"href":"https:\/\/www.multicasa.com.br\/inicio\/wp-json\/wp\/v2\/product_brand?post=9745"},{"taxonomy":"product_cat","embeddable":true,"href":"https:\/\/www.multicasa.com.br\/inicio\/wp-json\/wp\/v2\/product_cat?post=9745"},{"taxonomy":"product_tag","embeddable":true,"href":"https:\/\/www.multicasa.com.br\/inicio\/wp-json\/wp\/v2\/product_tag?post=9745"}],"curies":[{"name":"wp","href":"https:\/\/api.w.org\/{rel}","templated":true}]}}