{"id":9747,"date":"2025-06-20T17:47:28","date_gmt":"2025-06-20T21:47:28","guid":{"rendered":"https:\/\/www.multicasa.com.br\/inicio\/?post_type=product&#038;p=9747"},"modified":"2025-06-20T17:48:07","modified_gmt":"2025-06-20T21:48:07","slug":"cabide-infantil-de-veludo-bege-multiwork-3-unidades-29-cm","status":"publish","type":"product","link":"https:\/\/www.multicasa.com.br\/inicio\/produto\/cabide-infantil-de-veludo-bege-multiwork-3-unidades-29-cm\/","title":{"rendered":"Cabide Infantil de Veludo Bege Multiwork 3 unidades 29 cm"},"content":{"rendered":"<p>Cabide Infantil de Veludo da Multiwork para organizar diversas pe\u00e7as e roupas infantis com facilidade. S\u00e3o 3 pe\u00e7as revestidas com veludo na cor bege que ajudam a trazer beleza e organiza\u00e7\u00e3o para o guarda-roupa das crian\u00e7as. O cabide infantil de veludo possui cava para encaixe das al\u00e7as, evitando que vestidos e casacos escorreguem. Cada pe\u00e7a mede 29 x 21 cm.<\/p>\n","protected":false},"excerpt":{"rendered":"<h4 style=\"margin: 0px;padding: 0px 0px 16px;font-family: Lato, sans-serif;font-weight: bold;line-height: 3rem;color: var(--dark-grey3);font-size: 22px;font-style: normal;letter-spacing: normal;text-align: start;text-indent: 0px;text-transform: none\">Informa\u00e7\u00f5es t\u00e9cnicas<\/h4>\n<p><span style=\"margin: 0px;padding: 0px;font-weight: 450;font-size: 14px;line-height: 21px;color: var(--dark-grey2);font-family: Lato, sans-serif;font-style: normal;letter-spacing: normal;text-align: start;text-indent: 0px;text-transform: none\">Produto: Cabide para Infantil<br \/>\nMarca: Multiwork<br \/>\nMaterial: Veludo, pl\u00e1stico, metal<br \/>\nCor: Bege<br \/>\nItens Inclusos: 3 Cabides para infantis<br \/>\nDimens\u00f5es do produto (A X L): 29 x 21cm<\/span><\/p>\n","protected":false},"featured_media":9800,"template":"","meta":{"_joinchat":[]},"product_brand":[],"product_cat":[95],"product_tag":[],"class_list":{"0":"post-9747","1":"product","2":"type-product","3":"status-publish","4":"has-post-thumbnail","6":"product_cat-lavanderia","8":"first","9":"outofstock","10":"shipping-taxable","11":"product-type-simple"},"_links":{"self":[{"href":"https:\/\/www.multicasa.com.br\/inicio\/wp-json\/wp\/v2\/product\/9747","targetHints":{"allow":["GET"]}}],"collection":[{"href":"https:\/\/www.multicasa.com.br\/inicio\/wp-json\/wp\/v2\/product"}],"about":[{"href":"https:\/\/www.multicasa.com.br\/inicio\/wp-json\/wp\/v2\/types\/product"}],"wp:featuredmedia":[{"embeddable":true,"href":"https:\/\/www.multicasa.com.br\/inicio\/wp-json\/wp\/v2\/media\/9800"}],"wp:attachment":[{"href":"https:\/\/www.multicasa.com.br\/inicio\/wp-json\/wp\/v2\/media?parent=9747"}],"wp:term":[{"taxonomy":"product_brand","embeddable":true,"href":"https:\/\/www.multicasa.com.br\/inicio\/wp-json\/wp\/v2\/product_brand?post=9747"},{"taxonomy":"product_cat","embeddable":true,"href":"https:\/\/www.multicasa.com.br\/inicio\/wp-json\/wp\/v2\/product_cat?post=9747"},{"taxonomy":"product_tag","embeddable":true,"href":"https:\/\/www.multicasa.com.br\/inicio\/wp-json\/wp\/v2\/product_tag?post=9747"}],"curies":[{"name":"wp","href":"https:\/\/api.w.org\/{rel}","templated":true}]}}