{"id":9776,"date":"2025-06-20T17:47:50","date_gmt":"2025-06-20T21:47:50","guid":{"rendered":"https:\/\/www.multicasa.com.br\/inicio\/?post_type=product&#038;p=9776"},"modified":"2025-06-20T17:48:19","modified_gmt":"2025-06-20T21:48:19","slug":"quadro-branco-magnetico-apagavel-kaz","status":"publish","type":"product","link":"https:\/\/www.multicasa.com.br\/inicio\/produto\/quadro-branco-magnetico-apagavel-kaz\/","title":{"rendered":"Quadro Branco Magn\u00e9tico Apag\u00e1vel Kaz"},"content":{"rendered":"<p>O Quadro Branco Magn\u00e9tico Apag\u00e1vel da Kaz vem com 1 marcador com tampa magn\u00e9tica e apagador e 2 \u00edm\u00e3s magn\u00e9ticos. De polipropileno, mede 28x35cm. Ideal para anota\u00e7\u00f5es e recados.<\/p>\n","protected":false},"excerpt":{"rendered":"<h4 style=\"margin: 0px;padding: 0px 0px 16px;font-family: Lato, sans-serif;font-weight: bold;line-height: 3rem;color: var(--dark-grey3);font-size: 22px;font-style: normal;letter-spacing: normal;text-align: start;text-indent: 0px;text-transform: none\">Informa\u00e7\u00f5es t\u00e9cnicas<\/h4>\n<p><span style=\"margin: 0px;padding: 0px;font-weight: 450;font-size: 14px;line-height: 21px;color: var(--dark-grey2);font-family: Lato, sans-serif;font-style: normal;letter-spacing: normal;text-align: start;text-indent: 0px;text-transform: none\">Produto: Quadro Branco Magn\u00e9tico Apag\u00e1vel<br \/>\nMarca: Kaz<br \/>\nMaterial: Chapa met\u00e1lica, laminado melam\u00ednico branco, im\u00e3s, marcador em resina termopl\u00e1stica, tinta \u00e0 base de \u00e1lcool e corantes org\u00e2nicos e ponta sint\u00e9tica.<br \/>\nCor: Branco<br \/>\nCaracter\u00edsticas: Acompanha 1 marcador e 2 im\u00e3s magn\u00e9ticos                                                                                         Cuidados: Armazenar em local seco e ventilado.<br \/>\nItens Inclusos: 1 quadro branco; 1 marcador e 2 im\u00e3s recados<br \/>\nDimens\u00f5es do produto (A x L x P):28 x 35 x 1,2 cm<\/span><\/p>\n","protected":false},"featured_media":9828,"template":"","meta":{"_joinchat":[]},"product_brand":[],"product_cat":[136],"product_tag":[],"class_list":{"0":"post-9776","1":"product","2":"type-product","3":"status-publish","4":"has-post-thumbnail","6":"product_cat-lazer","8":"first","9":"outofstock","10":"shipping-taxable","11":"product-type-simple"},"_links":{"self":[{"href":"https:\/\/www.multicasa.com.br\/inicio\/wp-json\/wp\/v2\/product\/9776","targetHints":{"allow":["GET"]}}],"collection":[{"href":"https:\/\/www.multicasa.com.br\/inicio\/wp-json\/wp\/v2\/product"}],"about":[{"href":"https:\/\/www.multicasa.com.br\/inicio\/wp-json\/wp\/v2\/types\/product"}],"wp:featuredmedia":[{"embeddable":true,"href":"https:\/\/www.multicasa.com.br\/inicio\/wp-json\/wp\/v2\/media\/9828"}],"wp:attachment":[{"href":"https:\/\/www.multicasa.com.br\/inicio\/wp-json\/wp\/v2\/media?parent=9776"}],"wp:term":[{"taxonomy":"product_brand","embeddable":true,"href":"https:\/\/www.multicasa.com.br\/inicio\/wp-json\/wp\/v2\/product_brand?post=9776"},{"taxonomy":"product_cat","embeddable":true,"href":"https:\/\/www.multicasa.com.br\/inicio\/wp-json\/wp\/v2\/product_cat?post=9776"},{"taxonomy":"product_tag","embeddable":true,"href":"https:\/\/www.multicasa.com.br\/inicio\/wp-json\/wp\/v2\/product_tag?post=9776"}],"curies":[{"name":"wp","href":"https:\/\/api.w.org\/{rel}","templated":true}]}}