{"id":9777,"date":"2025-06-20T17:47:50","date_gmt":"2025-06-20T21:47:50","guid":{"rendered":"https:\/\/www.multicasa.com.br\/inicio\/?post_type=product&#038;p=9777"},"modified":"2025-06-20T17:48:20","modified_gmt":"2025-06-20T21:48:20","slug":"caneta-marcadora-permanente-azul-kaz-2-0","status":"publish","type":"product","link":"https:\/\/www.multicasa.com.br\/inicio\/produto\/caneta-marcadora-permanente-azul-kaz-2-0\/","title":{"rendered":"Caneta Marcadora Permanente Azul Kaz 2.0"},"content":{"rendered":"<p>A Caneta Marcadora Permanente da Kaz tem a ponta sint\u00e9tica de 2,0mm na cor azul e sua secagem \u00e9 r\u00e1pida. Seu corpo \u00e9 de resina termopl\u00e1stica.<\/p>\n","protected":false},"excerpt":{"rendered":"<h4 style=\"margin: 0px;padding: 0px 0px 16px;font-family: Lato, sans-serif;font-weight: bold;line-height: 3rem;color: var(--dark-grey3);font-size: 22px;font-style: normal;letter-spacing: normal;text-align: start;text-indent: 0px;text-transform: none\">Informa\u00e7\u00f5es t\u00e9cnicas<\/h4>\n<p><span style=\"margin: 0px;padding: 0px;font-weight: 450;font-size: 14px;line-height: 21px;color: var(--dark-grey2);font-family: Lato, sans-serif;font-style: normal;letter-spacing: normal;text-align: start;text-indent: 0px;text-transform: none\">Produto: Caneta Permanente<br \/>\nMarca: Kaz<br \/>\nMaterial: Resina termopl\u00e1stica, ponta de fibra e tinta \u00e1 base de corantes e solventes<br \/>\nCor: Azul<br \/>\nCaracter\u00edsticas: Ponta de 0,5mm e 2,0mm; at\u00f3xico                                                                                                              Cuidados: Manter tampado ap\u00f3s o uso; armazenar em local seco e sem umidade.<br \/>\nItens Inclusos: 1 caneta permanente<br \/>\nDimens\u00f5es do produto (A x L x P): 14 x 1,2 x 1,7 cm<\/span><\/p>\n","protected":false},"featured_media":9829,"template":"","meta":{"_joinchat":[]},"product_brand":[],"product_cat":[97],"product_tag":[],"class_list":{"0":"post-9777","1":"product","2":"type-product","3":"status-publish","4":"has-post-thumbnail","6":"product_cat-papelaria","8":"first","9":"outofstock","10":"shipping-taxable","11":"product-type-simple"},"_links":{"self":[{"href":"https:\/\/www.multicasa.com.br\/inicio\/wp-json\/wp\/v2\/product\/9777","targetHints":{"allow":["GET"]}}],"collection":[{"href":"https:\/\/www.multicasa.com.br\/inicio\/wp-json\/wp\/v2\/product"}],"about":[{"href":"https:\/\/www.multicasa.com.br\/inicio\/wp-json\/wp\/v2\/types\/product"}],"wp:featuredmedia":[{"embeddable":true,"href":"https:\/\/www.multicasa.com.br\/inicio\/wp-json\/wp\/v2\/media\/9829"}],"wp:attachment":[{"href":"https:\/\/www.multicasa.com.br\/inicio\/wp-json\/wp\/v2\/media?parent=9777"}],"wp:term":[{"taxonomy":"product_brand","embeddable":true,"href":"https:\/\/www.multicasa.com.br\/inicio\/wp-json\/wp\/v2\/product_brand?post=9777"},{"taxonomy":"product_cat","embeddable":true,"href":"https:\/\/www.multicasa.com.br\/inicio\/wp-json\/wp\/v2\/product_cat?post=9777"},{"taxonomy":"product_tag","embeddable":true,"href":"https:\/\/www.multicasa.com.br\/inicio\/wp-json\/wp\/v2\/product_tag?post=9777"}],"curies":[{"name":"wp","href":"https:\/\/api.w.org\/{rel}","templated":true}]}}