{"id":9779,"date":"2025-06-20T17:47:51","date_gmt":"2025-06-20T21:47:51","guid":{"rendered":"https:\/\/www.multicasa.com.br\/inicio\/?post_type=product&#038;p=9779"},"modified":"2025-06-23T10:46:09","modified_gmt":"2025-06-23T14:46:09","slug":"vassoura-novica-tipo-escovao-pega-forte-bettanin","status":"publish","type":"product","link":"https:\/\/www.multicasa.com.br\/inicio\/produto\/vassoura-novica-tipo-escovao-pega-forte-bettanin\/","title":{"rendered":"Vassoura Novi\u00e7a Tipo Escov\u00e3o Pega Forte Bettanin"},"content":{"rendered":"<p>A Limpeza pesada agora ser\u00e1 mais f\u00e1cil com a Vassoura de esfregar Pega Forte da Bettanin. A Pega Forte tem cerdas r\u00edgidas e resistentes que aguentam o baque do dia a dia. J\u00e1 vem com cabo, pronta para usar.<\/p>\n","protected":false},"excerpt":{"rendered":"<h4 style=\"margin: 0px;padding: 0px 0px 16px;font-family: Lato, sans-serif;font-weight: bold;line-height: 3rem;color: var(--dark-grey3);font-size: 22px;font-style: normal;letter-spacing: normal;text-align: start;text-indent: 0px;text-transform: none\">Informa\u00e7\u00f5es t\u00e9cnicas<\/h4>\n<p><span style=\"margin: 0px;padding: 0px;font-weight: 450;font-size: 14px;line-height: 21px;color: var(--dark-grey2);font-family: Lato, sans-serif;font-style: normal;letter-spacing: normal;text-align: start;text-indent: 0px;text-transform: none\">Produto: Vassoura<br \/>\nMarca: Bettanin<br \/>\nMaterial: Metal<br \/>\nMateria sint\u00e9tico<br \/>\nCor: Verde<br \/>\nCerdas: Duras<br \/>\nItens Inclusos: 1 vassoura<br \/>\nDimens\u00f5es do produto (A X L X P): 8,6 x 25 x 4,2cm<\/span><\/p>\n","protected":false},"featured_media":26257,"template":"","meta":{"_joinchat":[]},"product_brand":[],"product_cat":[96],"product_tag":[],"class_list":{"0":"post-9779","1":"product","2":"type-product","3":"status-publish","4":"has-post-thumbnail","6":"product_cat-limpeza-e-cia","8":"first","9":"outofstock","10":"shipping-taxable","11":"product-type-simple"},"_links":{"self":[{"href":"https:\/\/www.multicasa.com.br\/inicio\/wp-json\/wp\/v2\/product\/9779","targetHints":{"allow":["GET"]}}],"collection":[{"href":"https:\/\/www.multicasa.com.br\/inicio\/wp-json\/wp\/v2\/product"}],"about":[{"href":"https:\/\/www.multicasa.com.br\/inicio\/wp-json\/wp\/v2\/types\/product"}],"wp:featuredmedia":[{"embeddable":true,"href":"https:\/\/www.multicasa.com.br\/inicio\/wp-json\/wp\/v2\/media\/26257"}],"wp:attachment":[{"href":"https:\/\/www.multicasa.com.br\/inicio\/wp-json\/wp\/v2\/media?parent=9779"}],"wp:term":[{"taxonomy":"product_brand","embeddable":true,"href":"https:\/\/www.multicasa.com.br\/inicio\/wp-json\/wp\/v2\/product_brand?post=9779"},{"taxonomy":"product_cat","embeddable":true,"href":"https:\/\/www.multicasa.com.br\/inicio\/wp-json\/wp\/v2\/product_cat?post=9779"},{"taxonomy":"product_tag","embeddable":true,"href":"https:\/\/www.multicasa.com.br\/inicio\/wp-json\/wp\/v2\/product_tag?post=9779"}],"curies":[{"name":"wp","href":"https:\/\/api.w.org\/{rel}","templated":true}]}}