{"id":9780,"date":"2025-06-20T17:47:51","date_gmt":"2025-06-20T21:47:51","guid":{"rendered":"https:\/\/www.multicasa.com.br\/inicio\/?post_type=product&#038;p=9780"},"modified":"2025-06-20T17:48:24","modified_gmt":"2025-06-20T21:48:24","slug":"rodo-novica-secador-push-bettanin-45cm","status":"publish","type":"product","link":"https:\/\/www.multicasa.com.br\/inicio\/produto\/rodo-novica-secador-push-bettanin-45cm\/","title":{"rendered":"Rodo Novi\u00e7a Secador Push Bettanin 45cm"},"content":{"rendered":"<p>O Rodo Novi\u00e7a Secador Push Bettanin de aproximadamente 45cm adere melhor na superf\u00edcie, puxando mais \u00e1gua e secando com mais agilidade. Produzido em borracha dupla de EVA, possui sistema eficiente que fixa o pano, reduzindo o tempo de limpeza.<\/p>\n","protected":false},"excerpt":{"rendered":"<h4 style=\"margin: 0px;padding: 0px 0px 16px;font-family: Lato, sans-serif;font-weight: bold;line-height: 3rem;color: var(--dark-grey3);font-size: 22px;font-style: normal;letter-spacing: normal;text-align: start;text-indent: 0px;text-transform: none\">Informa\u00e7\u00f5es t\u00e9cnicas<\/h4>\n<p><span style=\"margin: 0px;padding: 0px;font-weight: 450;font-size: 14px;line-height: 21px;color: var(--dark-grey2);font-family: Lato, sans-serif;font-style: normal;letter-spacing: normal;text-align: start;text-indent: 0px;text-transform: none\"><br \/>\nProduto: Rodo<br \/>\nMarca: Bettanin<br \/>\nMaterial: EVA<br \/>\nBorracha<br \/>\nCor: Verde e laranja<br \/>\nCaracter\u00edsticas: Prende o pano com f\u00e1cilidade nos ganchos<br \/>\nItens Inclusos: 1 rodo<br \/>\nDimens\u00f5es do produto (A x L x P):base &#8211; 9,5 x 45 x 3,5cm<\/span><\/p>\n","protected":false},"featured_media":9831,"template":"","meta":{"_joinchat":[]},"product_brand":[],"product_cat":[151],"product_tag":[],"class_list":{"0":"post-9780","1":"product","2":"type-product","3":"status-publish","4":"has-post-thumbnail","6":"product_cat-pilhas","8":"first","9":"outofstock","10":"shipping-taxable","11":"product-type-simple"},"_links":{"self":[{"href":"https:\/\/www.multicasa.com.br\/inicio\/wp-json\/wp\/v2\/product\/9780","targetHints":{"allow":["GET"]}}],"collection":[{"href":"https:\/\/www.multicasa.com.br\/inicio\/wp-json\/wp\/v2\/product"}],"about":[{"href":"https:\/\/www.multicasa.com.br\/inicio\/wp-json\/wp\/v2\/types\/product"}],"wp:featuredmedia":[{"embeddable":true,"href":"https:\/\/www.multicasa.com.br\/inicio\/wp-json\/wp\/v2\/media\/9831"}],"wp:attachment":[{"href":"https:\/\/www.multicasa.com.br\/inicio\/wp-json\/wp\/v2\/media?parent=9780"}],"wp:term":[{"taxonomy":"product_brand","embeddable":true,"href":"https:\/\/www.multicasa.com.br\/inicio\/wp-json\/wp\/v2\/product_brand?post=9780"},{"taxonomy":"product_cat","embeddable":true,"href":"https:\/\/www.multicasa.com.br\/inicio\/wp-json\/wp\/v2\/product_cat?post=9780"},{"taxonomy":"product_tag","embeddable":true,"href":"https:\/\/www.multicasa.com.br\/inicio\/wp-json\/wp\/v2\/product_tag?post=9780"}],"curies":[{"name":"wp","href":"https:\/\/api.w.org\/{rel}","templated":true}]}}