{"id":9782,"date":"2025-06-20T17:47:51","date_gmt":"2025-06-20T21:47:51","guid":{"rendered":"https:\/\/www.multicasa.com.br\/inicio\/?post_type=product&#038;p=9782"},"modified":"2025-06-20T17:48:26","modified_gmt":"2025-06-20T21:48:26","slug":"mini-bastao-tira-manchas-amazon-h2o-18g","status":"publish","type":"product","link":"https:\/\/www.multicasa.com.br\/inicio\/produto\/mini-bastao-tira-manchas-amazon-h2o-18g\/","title":{"rendered":"Mini Bast\u00e3o Tira Manchas Amazon H2O 18g"},"content":{"rendered":"<p>O Mini Bast\u00e3o Tira Manchas da Amazon H2O \u00e9 ideal para aquelas emerg\u00eancias do dia a dia. F\u00e1cil de carregar, ele \u00e9 um poderoso aliado na remo\u00e7\u00e3o das mais variadas manchas, como caf\u00e9 e chocolate, al\u00e9m de acabar com aquelas manchas amareladas de suor.<br \/>\nEmbalagem cont\u00e9m 18 gramas e sua f\u00f3rmula \u00e9 ecol\u00f3gica, biodegrad\u00e1vel e sem testes em animais.<br \/>\nTenha a praticidade de tirar manchas de roupas onde estiver, sem esfor\u00e7o e sem danificar as roupas!<\/p>\n","protected":false},"excerpt":{"rendered":"<h4 style=\"margin: 0px;padding: 0px 0px 16px;font-family: Lato, sans-serif;font-weight: bold;line-height: 3rem;color: var(--dark-grey3);font-size: 22px;font-style: normal;letter-spacing: normal;text-align: start;text-indent: 0px;text-transform: none\">Informa\u00e7\u00f5es t\u00e9cnicas<\/h4>\n<p><span style=\"margin: 0px;padding: 0px;font-weight: 450;font-size: 14px;line-height: 21px;color: var(--dark-grey2);font-family: Lato, sans-serif;font-style: normal;letter-spacing: normal;text-align: start;text-indent: 0px;text-transform: none\"><br \/>\nProduto: Mini bast\u00e3o tira manchas<br \/>\nMarca: Amazon<br \/>\nConte\u00fado: 18g<br \/>\nCaracter\u00edsticas: Ecol\u00f3gico<br \/>\nBiodegrad\u00e1vel<br \/>\nN\u00e3o testa em animais<br \/>\nDesengordurante<br \/>\nCom extrato de laranja<br \/>\nItens Inclusoss: 1 tira manchas<br \/>\nDimens\u00f5es do produto (A X L): 7 x 2,5 cm<br \/>\n<\/span><\/p>\n","protected":false},"featured_media":9834,"template":"","meta":{"_joinchat":[]},"product_brand":[],"product_cat":[96],"product_tag":[],"class_list":{"0":"post-9782","1":"product","2":"type-product","3":"status-publish","4":"has-post-thumbnail","6":"product_cat-limpeza-e-cia","8":"first","9":"outofstock","10":"shipping-taxable","11":"product-type-simple"},"_links":{"self":[{"href":"https:\/\/www.multicasa.com.br\/inicio\/wp-json\/wp\/v2\/product\/9782","targetHints":{"allow":["GET"]}}],"collection":[{"href":"https:\/\/www.multicasa.com.br\/inicio\/wp-json\/wp\/v2\/product"}],"about":[{"href":"https:\/\/www.multicasa.com.br\/inicio\/wp-json\/wp\/v2\/types\/product"}],"wp:featuredmedia":[{"embeddable":true,"href":"https:\/\/www.multicasa.com.br\/inicio\/wp-json\/wp\/v2\/media\/9834"}],"wp:attachment":[{"href":"https:\/\/www.multicasa.com.br\/inicio\/wp-json\/wp\/v2\/media?parent=9782"}],"wp:term":[{"taxonomy":"product_brand","embeddable":true,"href":"https:\/\/www.multicasa.com.br\/inicio\/wp-json\/wp\/v2\/product_brand?post=9782"},{"taxonomy":"product_cat","embeddable":true,"href":"https:\/\/www.multicasa.com.br\/inicio\/wp-json\/wp\/v2\/product_cat?post=9782"},{"taxonomy":"product_tag","embeddable":true,"href":"https:\/\/www.multicasa.com.br\/inicio\/wp-json\/wp\/v2\/product_tag?post=9782"}],"curies":[{"name":"wp","href":"https:\/\/api.w.org\/{rel}","templated":true}]}}