{"id":9805,"date":"2025-06-20T17:48:12","date_gmt":"2025-06-20T21:48:12","guid":{"rendered":"https:\/\/www.multicasa.com.br\/inicio\/?post_type=product&#038;p=9805"},"modified":"2026-01-22T16:00:44","modified_gmt":"2026-01-22T20:00:44","slug":"organizador-multiuso-tnt-com-ziper-branco-praticita-60x50x30cm","status":"publish","type":"product","link":"https:\/\/www.multicasa.com.br\/inicio\/produto\/organizador-multiuso-tnt-com-ziper-branco-praticita-60x50x30cm\/","title":{"rendered":"Organizador Multiuso TNT com Z\u00edper Branco Praticita 60x50x30cm"},"content":{"rendered":"<p>O Organizador Multiuso Praticita \u00e9 um protetor smart, ideal para organizar suas prateleiras e guarda roupas. Confeccionado em TNT branco, possui visor em pl\u00e1stico transparente que facilita a visualiza\u00e7\u00e3o e fechamento em z\u00edper. O protetor tem o tamanho de 60 x 50 x 30cm, evita a bagun\u00e7a, protege as roupas da poeira e \u00e9 perfeito para guardar jogos de cama, mesa e banho GG, edredons de casal, roupas de cama king e etc.<br \/>\nOtimize os espa\u00e7os na sua casa e guarde suas roupas com seguran\u00e7a e prote\u00e7\u00e3o!<\/p>\n","protected":false},"excerpt":{"rendered":"<h4 style=\"margin: 0px;padding: 0px 0px 16px;font-family: Lato, sans-serif;font-weight: bold;line-height: 3rem;color: var(--dark-grey3);font-size: 22px;font-style: normal;letter-spacing: normal;text-align: start;text-indent: 0px;text-transform: none\">Informa\u00e7\u00f5es t\u00e9cnicas<\/h4>\n<p><span style=\"margin: 0px;padding: 0px;font-weight: 450;font-size: 14px;line-height: 21px;color: var(--dark-grey2);font-family: Lato, sans-serif;font-style: normal;letter-spacing: normal;text-align: start;text-indent: 0px;text-transform: none\">Produto: Organizador multiuso<br \/>\nMarca: Praticita<br \/>\nMaterial: TNT<br \/>\nPl\u00e1stico<br \/>\nCor: Branco<br \/>\nCaracter\u00edsticas: Fechamento com z\u00edper<br \/>\nItens Inclusos: 1 Organizador multiuso<br \/>\nDimens\u00f5es do produto (A x L x P): 30 x 60 x 50cm<br \/>\n<\/span><\/p>\n","protected":false},"featured_media":25659,"template":"","meta":{"_joinchat":[]},"product_brand":[],"product_cat":[98],"product_tag":[],"class_list":{"0":"post-9805","1":"product","2":"type-product","3":"status-publish","4":"has-post-thumbnail","6":"product_cat-organizadores","8":"first","9":"outofstock","10":"shipping-taxable","11":"purchasable","12":"product-type-simple"},"_links":{"self":[{"href":"https:\/\/www.multicasa.com.br\/inicio\/wp-json\/wp\/v2\/product\/9805","targetHints":{"allow":["GET"]}}],"collection":[{"href":"https:\/\/www.multicasa.com.br\/inicio\/wp-json\/wp\/v2\/product"}],"about":[{"href":"https:\/\/www.multicasa.com.br\/inicio\/wp-json\/wp\/v2\/types\/product"}],"wp:featuredmedia":[{"embeddable":true,"href":"https:\/\/www.multicasa.com.br\/inicio\/wp-json\/wp\/v2\/media\/25659"}],"wp:attachment":[{"href":"https:\/\/www.multicasa.com.br\/inicio\/wp-json\/wp\/v2\/media?parent=9805"}],"wp:term":[{"taxonomy":"product_brand","embeddable":true,"href":"https:\/\/www.multicasa.com.br\/inicio\/wp-json\/wp\/v2\/product_brand?post=9805"},{"taxonomy":"product_cat","embeddable":true,"href":"https:\/\/www.multicasa.com.br\/inicio\/wp-json\/wp\/v2\/product_cat?post=9805"},{"taxonomy":"product_tag","embeddable":true,"href":"https:\/\/www.multicasa.com.br\/inicio\/wp-json\/wp\/v2\/product_tag?post=9805"}],"curies":[{"name":"wp","href":"https:\/\/api.w.org\/{rel}","templated":true}]}}