{"id":9808,"date":"2025-06-20T17:48:12","date_gmt":"2025-06-20T21:48:12","guid":{"rendered":"https:\/\/www.multicasa.com.br\/inicio\/?post_type=product&#038;p=9808"},"modified":"2025-12-16T18:48:45","modified_gmt":"2025-12-16T22:48:45","slug":"adaptador-de-tomada-universal-com-4-usb-geonav","status":"publish","type":"product","link":"https:\/\/www.multicasa.com.br\/inicio\/produto\/adaptador-de-tomada-universal-com-4-usb-geonav\/","title":{"rendered":"Adaptador de Tomada Universal com 4 USB Geonav"},"content":{"rendered":"<p>Adaptador de Tomada Universal Geonav com adaptadores de viagem compat\u00edvel com tomadas de mais de 150 pa\u00edses. Super leve, pr\u00e1tico, possui circuito integrado inteligente, prote\u00e7\u00e3o contra curto circuito, surto de corrente e alta temperatura. Possui adaptador duplo usb, compatibilidade com ipad, iphone, ipod e dispositivos usb, m\u00e1xima pot\u00eancia de uso 800w para 100v e 2000w para 250v e tens\u00e3o bivolt. Perfeito para voc\u00ea viajar sem preocupa\u00e7\u00e3o. Vem com 4 portas USB e 1 USB-C para 5 dispositivos simultaneamente (6,5A no total).<\/p>\n","protected":false},"excerpt":{"rendered":"<h4 style=\"margin: 0px;padding: 0px 0px 16px;font-family: Lato, sans-serif;font-weight: bold;line-height: 3rem;color: var(--dark-grey3);font-size: 22px;font-style: normal;letter-spacing: normal;text-align: start;text-indent: 0px;text-transform: none\">Informa\u00e7\u00f5es t\u00e9cnicas<\/h4>\n<p><span style=\"margin: 0px;padding: 0px;font-weight: 450;font-size: 14px;line-height: 21px;color: var(--dark-grey2);font-family: Lato, sans-serif;font-style: normal;letter-spacing: normal;text-align: start;text-indent: 0px;text-transform: none\">Produto: Adaptador de Tomada Universal<br \/>\nMarca: Geonav<br \/>\nCor: Preto<br \/>\nMaterial: ABS anti-chamas<br \/>\nPot\u00eancia: 800w2000w<br \/>\nTens\u00e3o el\u00e9trica: Bivolt<br \/>\nFrequ\u00eancia: 50\/60Hz<br \/>\nCaracter\u00edsticas: Adaptador entrada: 100-250VCA 8A. Carregador entrada: 100-250VCC 1A; sa\u00edda: 5VCC 6.5A, USB-A 2.4A. USB-C 3A. Circuito integrado inteligente. Fus\u00edvel de seguran\u00e7a contra curto-circuito. Prote\u00e7\u00e3o contra surto de corrente e alta temperatura. Compat\u00edvel com tomadas de mais de 150 pa\u00edses. Portas: 4 USB-A, 1 USB-C.<br \/>\nItens Inclusos: 1 Adaptador de Tomada Universal<br \/>\nDimens\u00f5es do produto (A X L X P): 5 x 6,9 x 6,4cm                                                                                                Garantia: 1 ano de garantia<\/span><\/p>\n","protected":false},"featured_media":9839,"template":"","meta":{"_joinchat":[]},"product_brand":[],"product_cat":[130],"product_tag":[],"class_list":{"0":"post-9808","1":"product","2":"type-product","3":"status-publish","4":"has-post-thumbnail","6":"product_cat-informatica","8":"first","9":"outofstock","10":"shipping-taxable","11":"purchasable","12":"product-type-simple"},"_links":{"self":[{"href":"https:\/\/www.multicasa.com.br\/inicio\/wp-json\/wp\/v2\/product\/9808","targetHints":{"allow":["GET"]}}],"collection":[{"href":"https:\/\/www.multicasa.com.br\/inicio\/wp-json\/wp\/v2\/product"}],"about":[{"href":"https:\/\/www.multicasa.com.br\/inicio\/wp-json\/wp\/v2\/types\/product"}],"wp:featuredmedia":[{"embeddable":true,"href":"https:\/\/www.multicasa.com.br\/inicio\/wp-json\/wp\/v2\/media\/9839"}],"wp:attachment":[{"href":"https:\/\/www.multicasa.com.br\/inicio\/wp-json\/wp\/v2\/media?parent=9808"}],"wp:term":[{"taxonomy":"product_brand","embeddable":true,"href":"https:\/\/www.multicasa.com.br\/inicio\/wp-json\/wp\/v2\/product_brand?post=9808"},{"taxonomy":"product_cat","embeddable":true,"href":"https:\/\/www.multicasa.com.br\/inicio\/wp-json\/wp\/v2\/product_cat?post=9808"},{"taxonomy":"product_tag","embeddable":true,"href":"https:\/\/www.multicasa.com.br\/inicio\/wp-json\/wp\/v2\/product_tag?post=9808"}],"curies":[{"name":"wp","href":"https:\/\/api.w.org\/{rel}","templated":true}]}}