{"id":9815,"date":"2025-06-20T17:48:13","date_gmt":"2025-06-20T21:48:13","guid":{"rendered":"https:\/\/www.multicasa.com.br\/inicio\/?post_type=product&#038;p=9815"},"modified":"2025-08-17T19:04:30","modified_gmt":"2025-08-17T23:04:30","slug":"kit-3-escovas-de-aco-circulares-bestfer-com-cabo","status":"publish","type":"product","link":"https:\/\/www.multicasa.com.br\/inicio\/produto\/kit-3-escovas-de-aco-circulares-bestfer-com-cabo\/","title":{"rendered":"Kit 3 Escovas de A\u00e7o Circulares Bestfer com Cabo"},"content":{"rendered":"<p>O Kit 3 escovas de a\u00e7o circulares Bestfer \u00e9 ideal para uso geral em trabalhos de limpeza, acabamento, polimento, remo\u00e7\u00e3o de ferrugem, fuligem e prepara\u00e7\u00e3o de superf\u00edcie para pintura. Com cabo e cerdas em a\u00e7o carbono este \u00e9 o produto ideal para garantir limpeza e versatilidade, contendo 1 escova 1&#8243;, 1 escova 1 1\/2&#8243; e 1 escova 2&#8243;.<\/p>\n","protected":false},"excerpt":{"rendered":"<h4 style=\"margin: 0px;padding: 0px 0px 16px;font-family: Lato, sans-serif;font-weight: bold;line-height: 3rem;color: var(--dark-grey3);font-size: 22px;font-style: normal;letter-spacing: normal;text-align: start;text-indent: 0px;text-transform: none\">Informa\u00e7\u00f5es t\u00e9cnicas<\/h4>\n<p><span style=\"margin: 0px;padding: 0px;font-weight: 450;font-size: 14px;line-height: 21px;color: var(--dark-grey2);font-family: Lato, sans-serif;font-style: normal;letter-spacing: normal;text-align: start;text-indent: 0px;text-transform: none\">Produto: Kit Escovas de A\u00e7o<br \/>\nMarca: Bestfer<br \/>\nMaterial: A\u00e7o lat\u00e3o<br \/>\nCerdas em a\u00e7o carbono<br \/>\nAcabamento: Latonado<br \/>\nCor: Bege e prata<br \/>\nUso Indicado: Trabalhos de limpeza, acabamento, polimento, remo\u00e7\u00e3o de ferrugem e fuligem, prepara\u00e7\u00e3o de superf\u00edcie para pintura<br \/>\nQuantidade de pe\u00e7as: 3<br \/>\nItens Inclusos: 1 escova 1&#8243;<br \/>\n1 escova 1 1\/2&#8243;<br \/>\n1 escova 2&#8243;<\/span><\/p>\n","protected":false},"featured_media":9876,"template":"","meta":{"_joinchat":[]},"product_brand":[],"product_cat":[152],"product_tag":[],"class_list":{"0":"post-9815","1":"product","2":"type-product","3":"status-publish","4":"has-post-thumbnail","6":"product_cat-ferramentas-eletricas","8":"first","9":"outofstock","10":"shipping-taxable","11":"purchasable","12":"product-type-simple"},"_links":{"self":[{"href":"https:\/\/www.multicasa.com.br\/inicio\/wp-json\/wp\/v2\/product\/9815","targetHints":{"allow":["GET"]}}],"collection":[{"href":"https:\/\/www.multicasa.com.br\/inicio\/wp-json\/wp\/v2\/product"}],"about":[{"href":"https:\/\/www.multicasa.com.br\/inicio\/wp-json\/wp\/v2\/types\/product"}],"wp:featuredmedia":[{"embeddable":true,"href":"https:\/\/www.multicasa.com.br\/inicio\/wp-json\/wp\/v2\/media\/9876"}],"wp:attachment":[{"href":"https:\/\/www.multicasa.com.br\/inicio\/wp-json\/wp\/v2\/media?parent=9815"}],"wp:term":[{"taxonomy":"product_brand","embeddable":true,"href":"https:\/\/www.multicasa.com.br\/inicio\/wp-json\/wp\/v2\/product_brand?post=9815"},{"taxonomy":"product_cat","embeddable":true,"href":"https:\/\/www.multicasa.com.br\/inicio\/wp-json\/wp\/v2\/product_cat?post=9815"},{"taxonomy":"product_tag","embeddable":true,"href":"https:\/\/www.multicasa.com.br\/inicio\/wp-json\/wp\/v2\/product_tag?post=9815"}],"curies":[{"name":"wp","href":"https:\/\/api.w.org\/{rel}","templated":true}]}}