{"id":9817,"date":"2025-06-20T17:48:13","date_gmt":"2025-06-20T21:48:13","guid":{"rendered":"https:\/\/www.multicasa.com.br\/inicio\/?post_type=product&#038;p=9817"},"modified":"2025-12-03T16:14:38","modified_gmt":"2025-12-03T20:14:38","slug":"mini-varal-para-calcados-2-pares-flashlimp-cinza","status":"publish","type":"product","link":"https:\/\/www.multicasa.com.br\/inicio\/produto\/mini-varal-para-calcados-2-pares-flashlimp-cinza\/","title":{"rendered":"Mini Varal Para Cal\u00e7ados 2 Pares Flashlimp Cinza"},"content":{"rendered":"<p>Com o Mini Varal Para Cal\u00e7ados Flashlimp Cinza voc\u00ea tem a op\u00e7\u00e3o perfeita para lavar seus sapatos sem se preocupar onde deixar para secar corretamente. Produzido em polipropileno, o varal possibilita a secagem uniforme e r\u00e1pida. Com capacidade para 2 pares de sapato, a base conta com espa\u00e7o inferior para a combina\u00e7\u00e3o de mais de um produto no mesmo varal.<\/p>\n","protected":false},"excerpt":{"rendered":"<h4 style=\"margin: 0px;padding: 0px 0px 16px;font-family: Lato, sans-serif;font-weight: bold;line-height: 3rem;color: var(--dark-grey3);font-size: 22px;font-style: normal;letter-spacing: normal;text-align: start;text-indent: 0px;text-transform: none\">Informa\u00e7\u00f5es t\u00e9cnicas<\/h4>\n<p><span style=\"margin: 0px;padding: 0px;font-weight: 450;font-size: 14px;line-height: 21px;color: var(--dark-grey2);font-family: Lato, sans-serif;font-style: normal;letter-spacing: normal;text-align: start;text-indent: 0px;text-transform: none\">Produto: Varal para cal\u00e7ado<br \/>\nMarca: Flashlimp<br \/>\nMaterial: Polipropileno<br \/>\nCor: Cinza<br \/>\nCaracter\u00edsticas: Capacidade para 2 pares de cal\u00e7ados, possui encaixe para acoplar um segundo varal.<br \/>\nItens Inclusos: 1 varal para cal\u00e7ado<br \/>\nDimens\u00f5es do produto (A x L x P): 2 x 26 x 24,5cm<br \/>\nPeso: 80g<\/span><\/p>\n","protected":false},"featured_media":9879,"template":"","meta":{"_joinchat":[]},"product_brand":[],"product_cat":[95],"product_tag":[],"class_list":{"0":"post-9817","1":"product","2":"type-product","3":"status-publish","4":"has-post-thumbnail","6":"product_cat-lavanderia","8":"first","9":"instock","10":"shipping-taxable","11":"purchasable","12":"product-type-simple"},"_links":{"self":[{"href":"https:\/\/www.multicasa.com.br\/inicio\/wp-json\/wp\/v2\/product\/9817","targetHints":{"allow":["GET"]}}],"collection":[{"href":"https:\/\/www.multicasa.com.br\/inicio\/wp-json\/wp\/v2\/product"}],"about":[{"href":"https:\/\/www.multicasa.com.br\/inicio\/wp-json\/wp\/v2\/types\/product"}],"wp:featuredmedia":[{"embeddable":true,"href":"https:\/\/www.multicasa.com.br\/inicio\/wp-json\/wp\/v2\/media\/9879"}],"wp:attachment":[{"href":"https:\/\/www.multicasa.com.br\/inicio\/wp-json\/wp\/v2\/media?parent=9817"}],"wp:term":[{"taxonomy":"product_brand","embeddable":true,"href":"https:\/\/www.multicasa.com.br\/inicio\/wp-json\/wp\/v2\/product_brand?post=9817"},{"taxonomy":"product_cat","embeddable":true,"href":"https:\/\/www.multicasa.com.br\/inicio\/wp-json\/wp\/v2\/product_cat?post=9817"},{"taxonomy":"product_tag","embeddable":true,"href":"https:\/\/www.multicasa.com.br\/inicio\/wp-json\/wp\/v2\/product_tag?post=9817"}],"curies":[{"name":"wp","href":"https:\/\/api.w.org\/{rel}","templated":true}]}}