{"id":9818,"date":"2025-06-20T17:48:13","date_gmt":"2025-06-20T21:48:13","guid":{"rendered":"https:\/\/www.multicasa.com.br\/inicio\/?post_type=product&#038;p=9818"},"modified":"2025-10-31T10:37:49","modified_gmt":"2025-10-31T14:37:49","slug":"churrasqueira-eletrica-cadence-grl860-1800w-127v","status":"publish","type":"product","link":"https:\/\/www.multicasa.com.br\/inicio\/produto\/churrasqueira-eletrica-cadence-grl860-1800w-127v\/","title":{"rendered":"Churrasqueira El\u00e9trica Cadence GRL860 1800W &#8211; 127V"},"content":{"rendered":"<p>Com a Churrasqueira El\u00e9trica Cadence Grill Menu voc\u00ea pode ter churrasco dentro ou fora de casa. Voc\u00ea pode fazer churrascos, petiscos, espetinhos, hamb\u00fargueres ou grelhados com mais facilidade! \u00c9 indicada para quem tem pouco espa\u00e7o em casa ou no apartamento, e pode ainda ser levada para qualquer lugar que tenha energia el\u00e9trica, como acampamentos e piqueniques com a fam\u00edlia e os amigos. Ideal para os almo\u00e7os em fam\u00edlia e para os churrascos com os amigos. O grelhado sem carv\u00e3o, ressalta o verdadeiro sabor da carne. Muito potente, assa e grelha carnes, legumes e hamb\u00fargueres de maneira r\u00e1pida e pr\u00e1tica. Possui termostato cont\u00ednuo: n\u00edveis m\u00ednimo e m\u00e1ximo de temperatura, podem ser controlados ao girar o bot\u00e3o. Temperatura m\u00ednima de 50\u00b0C e m\u00e1xima at\u00e9 250\u00b0C.<\/p>\n","protected":false},"excerpt":{"rendered":"<h4 style=\"margin: 0px;padding: 0px 0px 16px;font-family: Lato, sans-serif;font-weight: bold;line-height: 3rem;color: var(--dark-grey3);font-size: 22px;font-style: normal;letter-spacing: normal;text-align: start;text-indent: 0px;text-transform: none\">Informa\u00e7\u00f5es t\u00e9cnicas<\/h4>\n<p><span style=\"margin: 0px;padding: 0px;font-weight: 450;font-size: 14px;line-height: 21px;color: var(--dark-grey2);font-family: Lato, sans-serif;font-style: normal;letter-spacing: normal;text-align: start;text-indent: 0px;text-transform: none\">Produto: Churrasqueira<br \/>\nTipo: El\u00e9trica<br \/>\nMarca: Cadence<br \/>\nModelo: Grill Menu II<br \/>\nMaterial:<br \/>\nCor: Preta<br \/>\nUso indicado: Assa e grelha carnes, legumes e hamb\u00fargueres<br \/>\nPot\u00eancia: 1800w<br \/>\nTens\u00e3o el\u00e9trica: 127v<br \/>\nConsumo: 1,8kWh<br \/>\nCaracter\u00edsticas: Grill, compacta, eficiente, f\u00e1cil de limpar, regulagem de altura<br \/>\nItens Inclusos: 1 churrasqueira el\u00e9trica<br \/>\nDimens\u00f5es do produto (A x L x P): 69,5 x 51,5 x 34,5cm<br \/>\nPeso: 3,1kg<br \/>\nGarantia: 12 meses                                                                                                                                                           OCP:<\/span><\/p>\n","protected":false},"featured_media":9882,"template":"","meta":{"_joinchat":[]},"product_brand":[],"product_cat":[136],"product_tag":[],"class_list":{"0":"post-9818","1":"product","2":"type-product","3":"status-publish","4":"has-post-thumbnail","6":"product_cat-lazer","8":"first","9":"outofstock","10":"shipping-taxable","11":"purchasable","12":"product-type-simple"},"_links":{"self":[{"href":"https:\/\/www.multicasa.com.br\/inicio\/wp-json\/wp\/v2\/product\/9818","targetHints":{"allow":["GET"]}}],"collection":[{"href":"https:\/\/www.multicasa.com.br\/inicio\/wp-json\/wp\/v2\/product"}],"about":[{"href":"https:\/\/www.multicasa.com.br\/inicio\/wp-json\/wp\/v2\/types\/product"}],"wp:featuredmedia":[{"embeddable":true,"href":"https:\/\/www.multicasa.com.br\/inicio\/wp-json\/wp\/v2\/media\/9882"}],"wp:attachment":[{"href":"https:\/\/www.multicasa.com.br\/inicio\/wp-json\/wp\/v2\/media?parent=9818"}],"wp:term":[{"taxonomy":"product_brand","embeddable":true,"href":"https:\/\/www.multicasa.com.br\/inicio\/wp-json\/wp\/v2\/product_brand?post=9818"},{"taxonomy":"product_cat","embeddable":true,"href":"https:\/\/www.multicasa.com.br\/inicio\/wp-json\/wp\/v2\/product_cat?post=9818"},{"taxonomy":"product_tag","embeddable":true,"href":"https:\/\/www.multicasa.com.br\/inicio\/wp-json\/wp\/v2\/product_tag?post=9818"}],"curies":[{"name":"wp","href":"https:\/\/api.w.org\/{rel}","templated":true}]}}