{"id":9821,"date":"2025-06-20T17:48:14","date_gmt":"2025-06-20T21:48:14","guid":{"rendered":"https:\/\/www.multicasa.com.br\/inicio\/?post_type=product&#038;p=9821"},"modified":"2025-06-20T17:49:13","modified_gmt":"2025-06-20T21:49:13","slug":"porta-mascaras-de-plastico-plasutil-2-divisorias","status":"publish","type":"product","link":"https:\/\/www.multicasa.com.br\/inicio\/produto\/porta-mascaras-de-plastico-plasutil-2-divisorias\/","title":{"rendered":"Porta M\u00e1scaras de Pl\u00e1stico Plas\u00fatil 2 Divis\u00f3rias"},"content":{"rendered":"<p>Ideal para aumentar sua prote\u00e7\u00e3o e higiene, o Porta M\u00e1scaras de Pl\u00e1stico Plas\u00fatil possui 2 compartimentos, um para m\u00e1scaras limpas e outra para m\u00e1scaras sujas. Produzido pensando em facilitar a nova rotina com o uso obrigat\u00f3rio de m\u00e1scaras e a necessidade de troc\u00e1-las por higiene. Com prote\u00e7\u00e3o contra micro-organismos, possui um composto que combate as bact\u00e9rias presentes no recipiente, rompendo a parede celular deste atrav\u00e9s de uma rea\u00e7\u00e3o qu\u00edmica. Com trava de seguran\u00e7a, pode ser transportado tranquilamente dentro das bolsas e ajudar no seu dia a dia. Mede 12 x 8,5 x 4,2cm.<\/p>\n","protected":false},"excerpt":{"rendered":"<h4 style=\"margin: 0px;padding: 0px 0px 16px;font-family: Lato, sans-serif;font-weight: bold;line-height: 3rem;color: var(--dark-grey3);font-size: 22px;font-style: normal;letter-spacing: normal;text-align: start;text-indent: 0px;text-transform: none\">Informa\u00e7\u00f5es t\u00e9cnicas<\/h4>\n<p><span style=\"margin: 0px;padding: 0px;font-weight: 450;font-size: 14px;line-height: 21px;color: var(--dark-grey2);font-family: Lato, sans-serif;font-style: normal;letter-spacing: normal;text-align: start;text-indent: 0px;text-transform: none\">Produto: Porta M\u00e1scaras<br \/>\nMarca: Plas\u00fatil<br \/>\nMaterial: pl\u00e1stico<br \/>\nCor: sortidas<br \/>\nCaracter\u00edsticas: com 2 divis\u00f3rias, possui composto qu\u00edmico que combate as bact\u00e9rias presentes no recipiente<br \/>\nItens Inclusos: 1 porta m\u00e1scaras<br \/>\nDimens\u00f5es do produto (A x L x P): 12 x 8,5 x 4,2cm.<\/span><\/p>\n","protected":false},"featured_media":9901,"template":"","meta":{"_joinchat":[]},"product_brand":[],"product_cat":[133],"product_tag":[],"class_list":{"0":"post-9821","1":"product","2":"type-product","3":"status-publish","4":"has-post-thumbnail","6":"product_cat-epis","8":"first","9":"outofstock","10":"shipping-taxable","11":"product-type-simple"},"_links":{"self":[{"href":"https:\/\/www.multicasa.com.br\/inicio\/wp-json\/wp\/v2\/product\/9821","targetHints":{"allow":["GET"]}}],"collection":[{"href":"https:\/\/www.multicasa.com.br\/inicio\/wp-json\/wp\/v2\/product"}],"about":[{"href":"https:\/\/www.multicasa.com.br\/inicio\/wp-json\/wp\/v2\/types\/product"}],"wp:featuredmedia":[{"embeddable":true,"href":"https:\/\/www.multicasa.com.br\/inicio\/wp-json\/wp\/v2\/media\/9901"}],"wp:attachment":[{"href":"https:\/\/www.multicasa.com.br\/inicio\/wp-json\/wp\/v2\/media?parent=9821"}],"wp:term":[{"taxonomy":"product_brand","embeddable":true,"href":"https:\/\/www.multicasa.com.br\/inicio\/wp-json\/wp\/v2\/product_brand?post=9821"},{"taxonomy":"product_cat","embeddable":true,"href":"https:\/\/www.multicasa.com.br\/inicio\/wp-json\/wp\/v2\/product_cat?post=9821"},{"taxonomy":"product_tag","embeddable":true,"href":"https:\/\/www.multicasa.com.br\/inicio\/wp-json\/wp\/v2\/product_tag?post=9821"}],"curies":[{"name":"wp","href":"https:\/\/api.w.org\/{rel}","templated":true}]}}