{"id":9852,"date":"2025-06-20T17:48:38","date_gmt":"2025-06-20T21:48:38","guid":{"rendered":"https:\/\/www.multicasa.com.br\/inicio\/?post_type=product&#038;p=9852"},"modified":"2025-06-20T17:49:20","modified_gmt":"2025-06-20T21:49:20","slug":"apagador-para-quadro-branco-com-2-pinceis-kaz","status":"publish","type":"product","link":"https:\/\/www.multicasa.com.br\/inicio\/produto\/apagador-para-quadro-branco-com-2-pinceis-kaz\/","title":{"rendered":"Apagador para Quadro Branco com 2 Pinc\u00e9is Kaz"},"content":{"rendered":"<p>O Apagador para quadro branco da Kaz \u00e9 magn\u00e9tico, facilitando sua fixa\u00e7\u00e3o em quadros imantados. Acompanha 2 marcadores das cores azul e preto, com pontas redondas. \u00c9 at\u00f3xico e sua secagem \u00e9 r\u00e1pida.<\/p>\n","protected":false},"excerpt":{"rendered":"<h4 style=\"margin: 0px;padding: 0px 0px 16px;font-family: Lato, sans-serif;font-weight: bold;line-height: 3rem;color: var(--dark-grey3);font-size: 22px;font-style: normal;letter-spacing: normal;text-align: start;text-indent: 0px;text-transform: none\">Informa\u00e7\u00f5es t\u00e9cnicas<\/h4>\n<p><span style=\"margin: 0px;padding: 0px;font-weight: 450;font-size: 14px;line-height: 21px;color: var(--dark-grey2);font-family: Lato, sans-serif;font-style: normal;letter-spacing: normal;text-align: start;text-indent: 0px;text-transform: none\">Produto: Apagador para quadro branco com 2 marcadores<br \/>\nMarca: Kaz<br \/>\nMaterial: Apagador: resina termopl\u00e1stica e feltro; Marcadores: resina termopl\u00e1stica, ponta de fibra, tinta \u00e0 base de corantes e solventes<br \/>\nCor dos Marcadores: Azul e Preto<br \/>\nCaracter\u00edsticas: Apagador: Magn\u00e9tico e encaixe para 2 marcadores; Marcadores: Ponta redonda, secagem r\u00e1pida e at\u00f3xico.     Cuidados: Armazenar em lugar seco e sem umidade<br \/>\nItens Inclusos: 1 Apagador para quadro branco com 2 marcadores<br \/>\nDimens\u00f5es do produto (A x L x P): 14,4 x 5,3 x 2,9 cm<\/span><\/p>\n","protected":false},"featured_media":9914,"template":"","meta":{"_joinchat":[]},"product_brand":[],"product_cat":[97],"product_tag":[],"class_list":{"0":"post-9852","1":"product","2":"type-product","3":"status-publish","4":"has-post-thumbnail","6":"product_cat-papelaria","8":"first","9":"outofstock","10":"shipping-taxable","11":"product-type-simple"},"_links":{"self":[{"href":"https:\/\/www.multicasa.com.br\/inicio\/wp-json\/wp\/v2\/product\/9852","targetHints":{"allow":["GET"]}}],"collection":[{"href":"https:\/\/www.multicasa.com.br\/inicio\/wp-json\/wp\/v2\/product"}],"about":[{"href":"https:\/\/www.multicasa.com.br\/inicio\/wp-json\/wp\/v2\/types\/product"}],"wp:featuredmedia":[{"embeddable":true,"href":"https:\/\/www.multicasa.com.br\/inicio\/wp-json\/wp\/v2\/media\/9914"}],"wp:attachment":[{"href":"https:\/\/www.multicasa.com.br\/inicio\/wp-json\/wp\/v2\/media?parent=9852"}],"wp:term":[{"taxonomy":"product_brand","embeddable":true,"href":"https:\/\/www.multicasa.com.br\/inicio\/wp-json\/wp\/v2\/product_brand?post=9852"},{"taxonomy":"product_cat","embeddable":true,"href":"https:\/\/www.multicasa.com.br\/inicio\/wp-json\/wp\/v2\/product_cat?post=9852"},{"taxonomy":"product_tag","embeddable":true,"href":"https:\/\/www.multicasa.com.br\/inicio\/wp-json\/wp\/v2\/product_tag?post=9852"}],"curies":[{"name":"wp","href":"https:\/\/api.w.org\/{rel}","templated":true}]}}