{"id":9853,"date":"2025-06-20T17:48:38","date_gmt":"2025-06-20T21:48:38","guid":{"rendered":"https:\/\/www.multicasa.com.br\/inicio\/?post_type=product&#038;p=9853"},"modified":"2025-06-20T17:49:21","modified_gmt":"2025-06-20T21:49:21","slug":"caneta-esferografica-4-cores-kaz-1-0","status":"publish","type":"product","link":"https:\/\/www.multicasa.com.br\/inicio\/produto\/caneta-esferografica-4-cores-kaz-1-0\/","title":{"rendered":"Caneta Esferogr\u00e1fica 4 Cores Kaz 1.0"},"content":{"rendered":"<p>A Caneta Esferogr\u00e1fica da Kaz, vem com 4 cores de tinta em 1. Suas cores: preto, vermelho, azul e verde vem com grip emborrachado, facilitando o seu manuseio. A caneta \u00e9 retr\u00e1til, com ponta met\u00e1lica de 1.0mm e vem com clip.<\/p>\n","protected":false},"excerpt":{"rendered":"<h4 style=\"margin: 0px;padding: 0px 0px 16px;font-family: Lato, sans-serif;font-weight: bold;line-height: 3rem;color: var(--dark-grey3);font-size: 22px;font-style: normal;letter-spacing: normal;text-align: start;text-indent: 0px;text-transform: none\">Informa\u00e7\u00f5es t\u00e9cnicas<\/h4>\n<p><span style=\"margin: 0px;padding: 0px;font-weight: 450;font-size: 14px;line-height: 21px;color: var(--dark-grey2);font-family: Lato, sans-serif;font-style: normal;letter-spacing: normal;text-align: start;text-indent: 0px;text-transform: none\">Produto: Caneta Esferogr\u00e1fica com 4 cores<br \/>\nMarca: Kaz<br \/>\nMaterial: Tinta: resinas, solventes, corantes e espessantes. Corpo e tampa: resinas termopl\u00e1sticas. Ponta: liga de lat\u00e3o. Esfera: tungst\u00eanio.<br \/>\nCor: Preto, vermelho, azul e verde<br \/>\nCaracter\u00edsticas: 4 cores de tinta em 1. Caneta retr\u00e1til. Grip emborrachado. Com clip. Ponta met\u00e1lica de 1.0mm.                       Cuidados: Armazenar em local seco e sem umidade. N\u00e3o recomend\u00e1vel para crian\u00e7as de at\u00e9 03 (tr\u00eas) anos, por conter parte(s) pequena(s) que pode(m) ser engolidas ou aspiradas.<br \/>\nItens Inclusos: 1 caneta esferogr\u00e1fica com 4 cores<br \/>\nDimens\u00f5es do produto (A x L x P): 14,3 x 1,4 x 1,6 cm                                                                                                         OCP: 0133<\/span><\/p>\n","protected":false},"featured_media":9915,"template":"","meta":{"_joinchat":[]},"product_brand":[],"product_cat":[97],"product_tag":[],"class_list":{"0":"post-9853","1":"product","2":"type-product","3":"status-publish","4":"has-post-thumbnail","6":"product_cat-papelaria","8":"first","9":"outofstock","10":"shipping-taxable","11":"product-type-simple"},"_links":{"self":[{"href":"https:\/\/www.multicasa.com.br\/inicio\/wp-json\/wp\/v2\/product\/9853","targetHints":{"allow":["GET"]}}],"collection":[{"href":"https:\/\/www.multicasa.com.br\/inicio\/wp-json\/wp\/v2\/product"}],"about":[{"href":"https:\/\/www.multicasa.com.br\/inicio\/wp-json\/wp\/v2\/types\/product"}],"wp:featuredmedia":[{"embeddable":true,"href":"https:\/\/www.multicasa.com.br\/inicio\/wp-json\/wp\/v2\/media\/9915"}],"wp:attachment":[{"href":"https:\/\/www.multicasa.com.br\/inicio\/wp-json\/wp\/v2\/media?parent=9853"}],"wp:term":[{"taxonomy":"product_brand","embeddable":true,"href":"https:\/\/www.multicasa.com.br\/inicio\/wp-json\/wp\/v2\/product_brand?post=9853"},{"taxonomy":"product_cat","embeddable":true,"href":"https:\/\/www.multicasa.com.br\/inicio\/wp-json\/wp\/v2\/product_cat?post=9853"},{"taxonomy":"product_tag","embeddable":true,"href":"https:\/\/www.multicasa.com.br\/inicio\/wp-json\/wp\/v2\/product_tag?post=9853"}],"curies":[{"name":"wp","href":"https:\/\/api.w.org\/{rel}","templated":true}]}}