{"id":9854,"date":"2025-06-20T17:48:38","date_gmt":"2025-06-20T21:48:38","guid":{"rendered":"https:\/\/www.multicasa.com.br\/inicio\/?post_type=product&#038;p=9854"},"modified":"2025-06-20T17:49:23","modified_gmt":"2025-06-20T21:49:23","slug":"garrafa-termica-inox-azul-multiwork-350ml","status":"publish","type":"product","link":"https:\/\/www.multicasa.com.br\/inicio\/produto\/garrafa-termica-inox-azul-multiwork-350ml\/","title":{"rendered":"Garrafa T\u00e9rmica Inox Azul Multiwork 350ml"},"content":{"rendered":"<p>Com a Garrafa T\u00e9rmica Inox Azul Multiwork voc\u00ea manter\u00e1 sua bebida na temperatura ideal por muito mais tempo. Seu tamanho \u00e9 perfeito para carregar na mochila ou no carro, com 21,5 cm e capacidade para 350ml. Confeccionada em a\u00e7o inox azul e tampa em pl\u00e1stico ABS, seu sistema de conserva\u00e7\u00e3o dura em torno de 6 a 12 horas.<\/p>\n","protected":false},"excerpt":{"rendered":"<h4 style=\"margin: 0px;padding: 0px 0px 16px;font-family: Lato, sans-serif;font-weight: bold;line-height: 3rem;color: var(--dark-grey3);font-size: 22px;font-style: normal;letter-spacing: normal;text-align: start;text-indent: 0px;text-transform: none\">Informa\u00e7\u00f5es t\u00e9cnicas<\/h4>\n<p><span style=\"margin: 0px;padding: 0px;font-weight: 450;font-size: 14px;line-height: 21px;color: var(--dark-grey2);font-family: Lato, sans-serif;font-style: normal;letter-spacing: normal;text-align: start;text-indent: 0px;text-transform: none\">Produto: Garrafa<br \/>\nTipo: T\u00e9rmica<br \/>\nMarca: MultiWork<br \/>\nMaterial: A\u00e7o Inox, pl\u00e1stico ABS<br \/>\nCor: Azul<br \/>\nCapacidade: 350ml<br \/>\nItens Inclusos: 1 garrafa<br \/>\nDi\u00e2metro do produto: 6,5cm<br \/>\nDimens\u00f5es do produto (A): 21,5cm<\/span><\/p>\n","protected":false},"featured_media":9916,"template":"","meta":{"_joinchat":[]},"product_brand":[],"product_cat":[136],"product_tag":[],"class_list":{"0":"post-9854","1":"product","2":"type-product","3":"status-publish","4":"has-post-thumbnail","6":"product_cat-lazer","8":"first","9":"outofstock","10":"shipping-taxable","11":"product-type-simple"},"_links":{"self":[{"href":"https:\/\/www.multicasa.com.br\/inicio\/wp-json\/wp\/v2\/product\/9854","targetHints":{"allow":["GET"]}}],"collection":[{"href":"https:\/\/www.multicasa.com.br\/inicio\/wp-json\/wp\/v2\/product"}],"about":[{"href":"https:\/\/www.multicasa.com.br\/inicio\/wp-json\/wp\/v2\/types\/product"}],"wp:featuredmedia":[{"embeddable":true,"href":"https:\/\/www.multicasa.com.br\/inicio\/wp-json\/wp\/v2\/media\/9916"}],"wp:attachment":[{"href":"https:\/\/www.multicasa.com.br\/inicio\/wp-json\/wp\/v2\/media?parent=9854"}],"wp:term":[{"taxonomy":"product_brand","embeddable":true,"href":"https:\/\/www.multicasa.com.br\/inicio\/wp-json\/wp\/v2\/product_brand?post=9854"},{"taxonomy":"product_cat","embeddable":true,"href":"https:\/\/www.multicasa.com.br\/inicio\/wp-json\/wp\/v2\/product_cat?post=9854"},{"taxonomy":"product_tag","embeddable":true,"href":"https:\/\/www.multicasa.com.br\/inicio\/wp-json\/wp\/v2\/product_tag?post=9854"}],"curies":[{"name":"wp","href":"https:\/\/api.w.org\/{rel}","templated":true}]}}