{"id":9859,"date":"2025-06-20T17:48:39","date_gmt":"2025-06-20T21:48:39","guid":{"rendered":"https:\/\/www.multicasa.com.br\/inicio\/?post_type=product&#038;p=9859"},"modified":"2025-06-20T17:49:35","modified_gmt":"2025-06-20T21:49:35","slug":"tapete-magico-super-absorvente-cinza-kapazi-50-x-80cm","status":"publish","type":"product","link":"https:\/\/www.multicasa.com.br\/inicio\/produto\/tapete-magico-super-absorvente-cinza-kapazi-50-x-80cm\/","title":{"rendered":"Tapete M\u00e1gico Super Absorvente Cinza Kapazi 50 x 80cm"},"content":{"rendered":"<p>O tapete certo no ambiente certo faz toda a diferen\u00e7a na decora\u00e7\u00e3o. Tapete M\u00e1gico com Algod\u00e3o da Kapazi \u00e9 o tapete ideal para te dar conforto e personalidade ao ambiente. Dispon\u00edvel na cor cinza, permite combinar com acess\u00f3rios mais coloridos e pode ser usado em banheiros de resid\u00eancias e apartamentos porque ret\u00e9m muito bem a sujeira, remove o excesso de \u00e1gua e sujeira, al\u00e9m de ser antiderrapante e n\u00e3o escorregar mesmo em pisos extremamente lisos e molhados. Pode ser lavado na m\u00e1quina, sem alvejante e n\u00e3o recomend\u00e1vel passar o tapete com ferro. O Tapete M\u00e1gico Sanitizante \u00e9 feito de algod\u00e3o, poli\u00e9ster e policloreto de vinila e pode ser utilizado em ambientes internos e externos para aumentar a prote\u00e7\u00e3o, higiene e prolongar a limpeza dos espa\u00e7os. Decore o banheiro da sua casa com o Tapete M\u00e1gico.<\/p>\n","protected":false},"excerpt":{"rendered":"<h4 style=\"margin: 0px;padding: 0px 0px 16px;font-family: Lato, sans-serif;font-weight: bold;line-height: 3rem;color: var(--dark-grey3);font-size: 22px;font-style: normal;letter-spacing: normal;text-align: start;text-indent: 0px;text-transform: none\">Informa\u00e7\u00f5es t\u00e9cnicas<\/h4>\n<p><span style=\"margin: 0px;padding: 0px;font-weight: 450;font-size: 14px;line-height: 21px;color: var(--dark-grey2);font-family: Lato, sans-serif;font-style: normal;letter-spacing: normal;text-align: start;text-indent: 0px;text-transform: none\">Produto: Tapete m\u00e1gico<br \/>\nMarca: Kapazi<br \/>\nMaterial: 55% Algod\u00e3o; 45% poli\u00e9ster; base 100% policloreto de vinila<br \/>\nCor: Preto; cinza<br \/>\nItens Inclusos: 1 tapete m\u00e1gico<br \/>\nDimens\u00f5es do produto : 50 x 80 x 1cm<\/span><\/p>\n","protected":false},"featured_media":9940,"template":"","meta":{"_joinchat":[]},"product_brand":[],"product_cat":[96],"product_tag":[],"class_list":{"0":"post-9859","1":"product","2":"type-product","3":"status-publish","4":"has-post-thumbnail","6":"product_cat-limpeza-e-cia","8":"first","9":"outofstock","10":"shipping-taxable","11":"product-type-simple"},"_links":{"self":[{"href":"https:\/\/www.multicasa.com.br\/inicio\/wp-json\/wp\/v2\/product\/9859","targetHints":{"allow":["GET"]}}],"collection":[{"href":"https:\/\/www.multicasa.com.br\/inicio\/wp-json\/wp\/v2\/product"}],"about":[{"href":"https:\/\/www.multicasa.com.br\/inicio\/wp-json\/wp\/v2\/types\/product"}],"wp:featuredmedia":[{"embeddable":true,"href":"https:\/\/www.multicasa.com.br\/inicio\/wp-json\/wp\/v2\/media\/9940"}],"wp:attachment":[{"href":"https:\/\/www.multicasa.com.br\/inicio\/wp-json\/wp\/v2\/media?parent=9859"}],"wp:term":[{"taxonomy":"product_brand","embeddable":true,"href":"https:\/\/www.multicasa.com.br\/inicio\/wp-json\/wp\/v2\/product_brand?post=9859"},{"taxonomy":"product_cat","embeddable":true,"href":"https:\/\/www.multicasa.com.br\/inicio\/wp-json\/wp\/v2\/product_cat?post=9859"},{"taxonomy":"product_tag","embeddable":true,"href":"https:\/\/www.multicasa.com.br\/inicio\/wp-json\/wp\/v2\/product_tag?post=9859"}],"curies":[{"name":"wp","href":"https:\/\/api.w.org\/{rel}","templated":true}]}}