{"id":9860,"date":"2025-06-20T17:48:39","date_gmt":"2025-06-20T21:48:39","guid":{"rendered":"https:\/\/www.multicasa.com.br\/inicio\/?post_type=product&#038;p=9860"},"modified":"2025-12-16T18:50:45","modified_gmt":"2025-12-16T22:50:45","slug":"engate-flexivel-em-inox-para-gas-com-espigao-blukit-120m","status":"publish","type":"product","link":"https:\/\/www.multicasa.com.br\/inicio\/produto\/engate-flexivel-em-inox-para-gas-com-espigao-blukit-120m\/","title":{"rendered":"Engate Flex\u00edvel em Inox para G\u00e1s com Espig\u00e3o Blukit 1,20m"},"content":{"rendered":"<p>O Engate Flex\u00edvel em Inox para G\u00e1s Blukit \u00e9 projetado para todas as situa\u00e7\u00f5es de instala\u00e7\u00f5es hidr\u00e1ulicas. Produzido em a\u00e7o inoxid\u00e1vel com espig\u00e3o, suporta ambientes salinos, vibra\u00e7\u00f5es altas e baixas temperaturas. Seu comprimento \u00e9 de 1,20 metro e possui sistema que n\u00e3o propaga chamas.<\/p>\n","protected":false},"excerpt":{"rendered":"<h4 style=\"margin: 0px;padding: 0px 0px 16px;font-family: Lato, sans-serif;font-weight: bold;line-height: 3rem;color: var(--dark-grey3);font-size: 22px;font-style: normal;letter-spacing: normal;text-align: start;text-indent: 0px;text-transform: none\">Informa\u00e7\u00f5es t\u00e9cnicas<\/h4>\n<p><span style=\"margin: 0px;padding: 0px;font-weight: 450;font-size: 14px;line-height: 21px;color: var(--dark-grey2);font-family: Lato, sans-serif;font-style: normal;letter-spacing: normal;text-align: start;text-indent: 0px;text-transform: none\">Produto: Engate para G\u00e1s<br \/>\nMarca: Blukit<br \/>\nMaterial: A\u00e7o Inoxid\u00e1vel AISI 304<br \/>\nCor: Prata, azul<br \/>\nCaracter\u00edsticas: Flex\u00edvel; Passagem interna: 10mm; Press\u00e3o m\u00e1xima: 5 bar; N\u00e3o propaga chamas; Suporta ambientes salinos, vibra\u00e7\u00f5es altas e temperaturas baixas; Atende normas ABNT NBR 13419.<br \/>\nItens inclusos: 1 Engate para G\u00e1s<br \/>\nDimens\u00f5es do produto (C): 1,20m<\/span><\/p>\n","protected":false},"featured_media":9941,"template":"","meta":{"_joinchat":[]},"product_brand":[],"product_cat":[94],"product_tag":[],"class_list":{"0":"post-9860","1":"product","2":"type-product","3":"status-publish","4":"has-post-thumbnail","6":"product_cat-gas","8":"first","9":"outofstock","10":"shipping-taxable","11":"purchasable","12":"product-type-simple"},"_links":{"self":[{"href":"https:\/\/www.multicasa.com.br\/inicio\/wp-json\/wp\/v2\/product\/9860","targetHints":{"allow":["GET"]}}],"collection":[{"href":"https:\/\/www.multicasa.com.br\/inicio\/wp-json\/wp\/v2\/product"}],"about":[{"href":"https:\/\/www.multicasa.com.br\/inicio\/wp-json\/wp\/v2\/types\/product"}],"wp:featuredmedia":[{"embeddable":true,"href":"https:\/\/www.multicasa.com.br\/inicio\/wp-json\/wp\/v2\/media\/9941"}],"wp:attachment":[{"href":"https:\/\/www.multicasa.com.br\/inicio\/wp-json\/wp\/v2\/media?parent=9860"}],"wp:term":[{"taxonomy":"product_brand","embeddable":true,"href":"https:\/\/www.multicasa.com.br\/inicio\/wp-json\/wp\/v2\/product_brand?post=9860"},{"taxonomy":"product_cat","embeddable":true,"href":"https:\/\/www.multicasa.com.br\/inicio\/wp-json\/wp\/v2\/product_cat?post=9860"},{"taxonomy":"product_tag","embeddable":true,"href":"https:\/\/www.multicasa.com.br\/inicio\/wp-json\/wp\/v2\/product_tag?post=9860"}],"curies":[{"name":"wp","href":"https:\/\/api.w.org\/{rel}","templated":true}]}}