{"id":9862,"date":"2025-06-20T17:48:39","date_gmt":"2025-06-20T21:48:39","guid":{"rendered":"https:\/\/www.multicasa.com.br\/inicio\/?post_type=product&#038;p=9862"},"modified":"2025-08-16T15:03:06","modified_gmt":"2025-08-16T19:03:06","slug":"balde-mop-e-esfregao-giratorio-perfect-16l","status":"publish","type":"product","link":"https:\/\/www.multicasa.com.br\/inicio\/produto\/balde-mop-e-esfregao-giratorio-perfect-16l\/","title":{"rendered":"Balde MOP e Esfreg\u00e3o Girat\u00f3rio Perfect 16L"},"content":{"rendered":"<p>O Balde MOP e Esfreg\u00e3o Girat\u00f3rio da Perfect \u00e9 uma inova\u00e7\u00e3o para as tarefas de limpeza do dia-a-dia. Possui al\u00e7a resistente para carregamento, possibilitando o deslocamento com facilidade. Possui 3 tipos de refil de limpeza: um em microfibra para tirar o p\u00f3; limpeza pesada e limpeza geral. Super vers\u00e1til com giro de 180\u00b0 para facilitar o alcance de \u00e1reas de dif\u00edcil acesso e ergon\u00f4mico com cabo telesc\u00f3pico que atinge at\u00e9 1,6m e sistema de trava; al\u00e9m de fun\u00e7\u00e3o girat\u00f3ria que deixa a limpeza ainda mais f\u00e1cil. Possui controle de umidade no esfreg\u00e3o, sendo extremamente inteligente e resistente. O produto que faltava na sua rotina de cuidados com a casa.<\/p>\n","protected":false},"excerpt":{"rendered":"<h4 style=\"margin: 0px;padding: 0px 0px 16px;font-family: Lato, sans-serif;font-weight: bold;line-height: 3rem;color: var(--dark-grey3);font-size: 22px;font-style: normal;letter-spacing: normal;text-align: start;text-indent: 0px;text-transform: none\">Informa\u00e7\u00f5es t\u00e9cnicas<\/h4>\n<p><span style=\"margin: 0px;padding: 0px;font-weight: 450;font-size: 14px;line-height: 21px;color: var(--dark-grey2);font-family: Lato, sans-serif;font-style: normal;letter-spacing: normal;text-align: start;text-indent: 0px;text-transform: none\">Produto: Balde MOP e Esfreg\u00e3o girat\u00f3rio<br \/>\nMarca: Perfect<br \/>\nMaterial: Pl\u00e1stico; a\u00e7o Inox<br \/>\nCor: Azul; branco; preto<br \/>\nCapacidade: 16L<br \/>\nCaracter\u00edstica: 3 tipos de refis Limpeza Geral, Tira p\u00f3 de Microfibra e Limpeza Pesada; cabo extenso 1,6m; cabo com inclina\u00e7\u00e3o de 180\u00b0; cabo com sistema de trava para regulagem de altura e fun\u00e7\u00e3o girat\u00f3ria; base inox mais resistente; cabo de tubo inox com garra pl\u00e1stica flex\u00edvel<br \/>\nItens Inclusos: 1 Balde 16 Litros; 1 Refil para limpeza geral; 1 Refil para p\u00f3; 1 Refil para limpeza pesada; 1 centrifuga inox; 1 cabo de extens\u00edvel 1,6m<br \/>\nDimens\u00f5es do produto (A x L x P):  24 x 28 x 46 cm; altura cabo &#8211;  1,60m<\/span><\/p>\n","protected":false},"featured_media":9944,"template":"","meta":{"_joinchat":[]},"product_brand":[],"product_cat":[96],"product_tag":[],"class_list":{"0":"post-9862","1":"product","2":"type-product","3":"status-publish","4":"has-post-thumbnail","6":"product_cat-limpeza-e-cia","8":"first","9":"outofstock","10":"shipping-taxable","11":"product-type-simple"},"_links":{"self":[{"href":"https:\/\/www.multicasa.com.br\/inicio\/wp-json\/wp\/v2\/product\/9862","targetHints":{"allow":["GET"]}}],"collection":[{"href":"https:\/\/www.multicasa.com.br\/inicio\/wp-json\/wp\/v2\/product"}],"about":[{"href":"https:\/\/www.multicasa.com.br\/inicio\/wp-json\/wp\/v2\/types\/product"}],"wp:featuredmedia":[{"embeddable":true,"href":"https:\/\/www.multicasa.com.br\/inicio\/wp-json\/wp\/v2\/media\/9944"}],"wp:attachment":[{"href":"https:\/\/www.multicasa.com.br\/inicio\/wp-json\/wp\/v2\/media?parent=9862"}],"wp:term":[{"taxonomy":"product_brand","embeddable":true,"href":"https:\/\/www.multicasa.com.br\/inicio\/wp-json\/wp\/v2\/product_brand?post=9862"},{"taxonomy":"product_cat","embeddable":true,"href":"https:\/\/www.multicasa.com.br\/inicio\/wp-json\/wp\/v2\/product_cat?post=9862"},{"taxonomy":"product_tag","embeddable":true,"href":"https:\/\/www.multicasa.com.br\/inicio\/wp-json\/wp\/v2\/product_tag?post=9862"}],"curies":[{"name":"wp","href":"https:\/\/api.w.org\/{rel}","templated":true}]}}