{"id":9889,"date":"2025-06-20T17:49:04","date_gmt":"2025-06-20T21:49:04","guid":{"rendered":"https:\/\/www.multicasa.com.br\/inicio\/?post_type=product&#038;p=9889"},"modified":"2025-08-18T01:55:16","modified_gmt":"2025-08-18T05:55:16","slug":"roteador-wi-fi-5-mesh-100mbps-twibi-fast-branco-bivolt-intelbras-1-unidade","status":"publish","type":"product","link":"https:\/\/www.multicasa.com.br\/inicio\/produto\/roteador-wi-fi-5-mesh-100mbps-twibi-fast-branco-bivolt-intelbras-1-unidade\/","title":{"rendered":"Roteador Wi-fi 5 Mesh 100MBPS Twibi Fast Branco Bivolt Intelbras 1 Unidade"},"content":{"rendered":"<p>Navegue na internet com o melhor do sinal usando o Roteador Wi-Fi 5 Mesh Twibi Fast. Com conex\u00e3o constante e poderosa para a casa, possui sistema inteligente de distribui\u00e7\u00e3o de sinal, capaz de conectar-se a m\u00faltiplos dispositivos. Essa facilidade \u00e9 ideal para planos de internet de at\u00e9 100 megas, j\u00e1 que sua capacidade de cobertura \u00e9 de 100m\u00b2. O dispositivo possibilita melhor experi\u00eancia de conex\u00e3o com sinal constante e forte (sem pontos cegos) e com alcance em qualquer ambiente da resid\u00eancia, permitindo que voc\u00ea use a internet com qualidade onde estiver.  Outra super facilidade do modelo \u00e9 a possibilidade de controlar tudo pelo app &#8220;Wi-Fi Control Home&#8221;, no qual voc\u00ea instala os roteadores e gerencia todas as conex\u00f5es, permitindo todo mundo online ao mesmo tempo e possibilitando que at\u00e9 40 dispositivos fiquem conectados ao mesmo tempo com o melhor sinal dispon\u00edvel em uma \u00fanica rede de Wi-Fi. Cada m\u00f3dulo adicionado \u00e0 sua rede Mesh amplia a \u00e1rea do Wi-Fi em at\u00e9 100 m\u00b2. Para finalizar, apaixone-se pela qualidade de Wi-Fi 5 com dual band (5 GHz e 2,4 GHz) que garante mais performance e estabilidade para voc\u00ea trabalhar, assistir suas s\u00e9ries favoritas online e usar a internet sempre que precisar!<\/p>\n","protected":false},"excerpt":{"rendered":"<h4 style=\"margin: 0px;padding: 0px 0px 16px;font-family: Lato, sans-serif;font-weight: bold;line-height: 3rem;color: var(--dark-grey3);font-size: 22px;font-style: normal;letter-spacing: normal;text-align: start;text-indent: 0px;text-transform: none\">Informa\u00e7\u00f5es t\u00e9cnicas<\/h4>\n<p><span style=\"margin: 0px;padding: 0px;font-weight: 450;font-size: 14px;line-height: 21px;color: var(--dark-grey2);font-family: Lato, sans-serif;font-style: normal;letter-spacing: normal;text-align: start;text-indent: 0px;text-transform: none\">Produto: Roteador Wi-Fi 5<br \/>\nMarca: Intelbras<br \/>\nModelo: Twibi Fast<br \/>\nCor: Branco<br \/>\nTens\u00e3o El\u00e9trica: Bivolt<br \/>\nCaracter\u00edsticas: Tecnologia MESH; Dual band; Cada m\u00f3dulo cobre \u00e1reas de at\u00e9 100 m\u00b2; at\u00e9 40 dispositivos conectados; Porta Fast: ideal para planos de at\u00e9 100 Mbps; Sinal Wi-Fi forte e constante por todo o ambiente; Instala\u00e7\u00e3o super f\u00e1cil via aplicativo; Aplicativo com diversas fun\u00e7\u00f5es como Controle Parental; Controle de Banda e Rede de Visitantes; design sofisticado; modularidade do sistema Wi-Fi.<br \/>\nQuantidade de pe\u00e7as: 4<br \/>\nItens Inclusos: 1 Roteador Mesh Twibi Fast, 1 Fonte de alimenta\u00e7\u00e3o, 1 Cabo de rede, 1 Guia de instala\u00e7\u00e3o<br \/>\nDimens\u00f5es do produto (A X L X P): 9,3 x 10,2 x 10,2cm<\/span><\/p>\n","protected":false},"featured_media":9949,"template":"","meta":{"_joinchat":[]},"product_brand":[],"product_cat":[130],"product_tag":[],"class_list":{"0":"post-9889","1":"product","2":"type-product","3":"status-publish","4":"has-post-thumbnail","6":"product_cat-informatica","8":"first","9":"outofstock","10":"shipping-taxable","11":"purchasable","12":"product-type-simple"},"_links":{"self":[{"href":"https:\/\/www.multicasa.com.br\/inicio\/wp-json\/wp\/v2\/product\/9889","targetHints":{"allow":["GET"]}}],"collection":[{"href":"https:\/\/www.multicasa.com.br\/inicio\/wp-json\/wp\/v2\/product"}],"about":[{"href":"https:\/\/www.multicasa.com.br\/inicio\/wp-json\/wp\/v2\/types\/product"}],"wp:featuredmedia":[{"embeddable":true,"href":"https:\/\/www.multicasa.com.br\/inicio\/wp-json\/wp\/v2\/media\/9949"}],"wp:attachment":[{"href":"https:\/\/www.multicasa.com.br\/inicio\/wp-json\/wp\/v2\/media?parent=9889"}],"wp:term":[{"taxonomy":"product_brand","embeddable":true,"href":"https:\/\/www.multicasa.com.br\/inicio\/wp-json\/wp\/v2\/product_brand?post=9889"},{"taxonomy":"product_cat","embeddable":true,"href":"https:\/\/www.multicasa.com.br\/inicio\/wp-json\/wp\/v2\/product_cat?post=9889"},{"taxonomy":"product_tag","embeddable":true,"href":"https:\/\/www.multicasa.com.br\/inicio\/wp-json\/wp\/v2\/product_tag?post=9889"}],"curies":[{"name":"wp","href":"https:\/\/api.w.org\/{rel}","templated":true}]}}