{"id":9897,"date":"2025-06-20T17:49:05","date_gmt":"2025-06-20T21:49:05","guid":{"rendered":"https:\/\/www.multicasa.com.br\/inicio\/?post_type=product&#038;p=9897"},"modified":"2025-06-20T17:50:15","modified_gmt":"2025-06-20T21:50:15","slug":"mesa-multiuso-dobravel-branco-90x40cm-multivisao","status":"publish","type":"product","link":"https:\/\/www.multicasa.com.br\/inicio\/produto\/mesa-multiuso-dobravel-branco-90x40cm-multivisao\/","title":{"rendered":"Mesa Multiuso Dobr\u00e1vel Branco 90x40cm Multivis\u00e3o"},"content":{"rendered":"<p>A Mesa Multiuso Dobr\u00e1vel Branca da Multivis\u00e3o vem com suporte branco e tamanho 90x40cm. Suporta at\u00e9 30 kilos, tem seu tampo em MDF e os suportes feitos de a\u00e7o.<\/p>\n","protected":false},"excerpt":{"rendered":"<h4 style=\"margin: 0px;padding: 0px 0px 16px;font-family: Lato, sans-serif;font-weight: bold;line-height: 3rem;color: var(--dark-grey3);font-size: 22px;font-style: normal;letter-spacing: normal;text-align: start;text-indent: 0px;text-transform: none\">Informa\u00e7\u00f5es t\u00e9cnicas<\/h4>\n<p><span style=\"margin: 0px;padding: 0px;font-weight: 450;font-size: 14px;line-height: 21px;color: var(--dark-grey2);font-family: Lato, sans-serif;font-style: normal;letter-spacing: normal;text-align: start;text-indent: 0px;text-transform: none\">Produto: Mesa Dobr\u00e1vel<br \/>\nMarca: Multivis\u00e3o                                                                                                                                                               Modelo: MDS-9040-RET-BR<br \/>\nMaterial: Tampo em MDF e suportes em a\u00e7o<br \/>\nCor: Branca<br \/>\nCaracter\u00edsticas: Com suporte; Suporta at\u00e9 30kg<br \/>\nItens Inclusos: 1 mesa dobr\u00e1vel<br \/>\nDimens\u00f5es do produto (A X L X P): 25,5 x 90 x 40cm<br \/>\nPeso: 5,02kg<\/span><\/p>\n","protected":false},"featured_media":9981,"template":"","meta":{"_joinchat":[]},"product_brand":[],"product_cat":[146],"product_tag":[],"class_list":{"0":"post-9897","1":"product","2":"type-product","3":"status-publish","4":"has-post-thumbnail","6":"product_cat-prateleiras-e-cia","8":"first","9":"outofstock","10":"shipping-taxable","11":"product-type-simple"},"_links":{"self":[{"href":"https:\/\/www.multicasa.com.br\/inicio\/wp-json\/wp\/v2\/product\/9897","targetHints":{"allow":["GET"]}}],"collection":[{"href":"https:\/\/www.multicasa.com.br\/inicio\/wp-json\/wp\/v2\/product"}],"about":[{"href":"https:\/\/www.multicasa.com.br\/inicio\/wp-json\/wp\/v2\/types\/product"}],"wp:featuredmedia":[{"embeddable":true,"href":"https:\/\/www.multicasa.com.br\/inicio\/wp-json\/wp\/v2\/media\/9981"}],"wp:attachment":[{"href":"https:\/\/www.multicasa.com.br\/inicio\/wp-json\/wp\/v2\/media?parent=9897"}],"wp:term":[{"taxonomy":"product_brand","embeddable":true,"href":"https:\/\/www.multicasa.com.br\/inicio\/wp-json\/wp\/v2\/product_brand?post=9897"},{"taxonomy":"product_cat","embeddable":true,"href":"https:\/\/www.multicasa.com.br\/inicio\/wp-json\/wp\/v2\/product_cat?post=9897"},{"taxonomy":"product_tag","embeddable":true,"href":"https:\/\/www.multicasa.com.br\/inicio\/wp-json\/wp\/v2\/product_tag?post=9897"}],"curies":[{"name":"wp","href":"https:\/\/api.w.org\/{rel}","templated":true}]}}