{"id":9898,"date":"2025-06-20T17:49:05","date_gmt":"2025-06-20T21:49:05","guid":{"rendered":"https:\/\/www.multicasa.com.br\/inicio\/?post_type=product&#038;p=9898"},"modified":"2025-08-18T01:55:36","modified_gmt":"2025-08-18T05:55:36","slug":"lampada-de-led-filamento-defletora-globo-g45-e27-taschibra-3w-bivolt","status":"publish","type":"product","link":"https:\/\/www.multicasa.com.br\/inicio\/produto\/lampada-de-led-filamento-defletora-globo-g45-e27-taschibra-3w-bivolt\/","title":{"rendered":"L\u00e2mpada de Led Filamento Defletora Globo G45 E27 Taschibra 3W Bivolt"},"content":{"rendered":"<p>A L\u00e2mpada de Led Filamento Defletora Globo G45 com bocal E27 da Taschibra tem 3w, \u00e9 bivolt, feita de vidro e metal na cor prata. Seu fluxo luminoso \u00e9 decorativo, com vida \u00fatil de 15.000h. Sua frequ\u00eancia \u00e9 de 50\/60Hz, com fator de pot\u00eancia de &gt;0,5, \u00e2ngulo de facho 200\u00b0 e temperatura de opera\u00e7\u00e3o -10\u00b0C a 40\u00b0C.<\/p>\n","protected":false},"excerpt":{"rendered":"<h4 style=\"margin: 0px;padding: 0px 0px 16px;font-family: Lato, sans-serif;font-weight: bold;line-height: 3rem;color: var(--dark-grey3);font-size: 22px;font-style: normal;letter-spacing: normal;text-align: start;text-indent: 0px;text-transform: none\">Informa\u00e7\u00f5es t\u00e9cnicas<\/h4>\n<p><span style=\"margin: 0px;padding: 0px;font-weight: 450;font-size: 14px;line-height: 21px;color: var(--dark-grey2);font-family: Lato, sans-serif;font-style: normal;letter-spacing: normal;text-align: start;text-indent: 0px;text-transform: none\">Produto: L\u00e2mpada Led                                                                                                                                                      Tipo: Filamento<br \/>\nMarca: Taschibra                                                                                                                                                               Modelo: Globo G45<br \/>\nMaterial: Vidro, metal, placa de circuito impresso e componentes eletr\u00f4nicos<br \/>\nCor: Prata<br \/>\nPot\u00eancia: 3w<br \/>\nTens\u00e3o El\u00e9trica: Bivolt<br \/>\nCaracter\u00edsticas: Filamento; Defletora; Soquete E27; Fluxo luminoso decorativo; Frequ\u00eancia: 50\/60Hz; Fator de pot\u00eancia&gt;0,5; \u00c2ngulo de facho 200\u00b0; Temperatura de opera\u00e7\u00e3o -10\u00b0C a 40\u00b0C; Vida \u00fatil 15.000h<br \/>\nItens Inclusos: 1 L\u00e2mpada led filamento<br \/>\nDimens\u00f5es do produto (A X L X P): 9,2 x 4,7 x 4,7cm<br \/>\nPeso: 0,03kg<\/span><\/p>\n","protected":false},"featured_media":10000,"template":"","meta":{"_joinchat":[]},"product_brand":[],"product_cat":[80],"product_tag":[],"class_list":{"0":"post-9898","1":"product","2":"type-product","3":"status-publish","4":"has-post-thumbnail","6":"product_cat-lampadas","8":"first","9":"outofstock","10":"shipping-taxable","11":"purchasable","12":"product-type-simple"},"_links":{"self":[{"href":"https:\/\/www.multicasa.com.br\/inicio\/wp-json\/wp\/v2\/product\/9898","targetHints":{"allow":["GET"]}}],"collection":[{"href":"https:\/\/www.multicasa.com.br\/inicio\/wp-json\/wp\/v2\/product"}],"about":[{"href":"https:\/\/www.multicasa.com.br\/inicio\/wp-json\/wp\/v2\/types\/product"}],"wp:featuredmedia":[{"embeddable":true,"href":"https:\/\/www.multicasa.com.br\/inicio\/wp-json\/wp\/v2\/media\/10000"}],"wp:attachment":[{"href":"https:\/\/www.multicasa.com.br\/inicio\/wp-json\/wp\/v2\/media?parent=9898"}],"wp:term":[{"taxonomy":"product_brand","embeddable":true,"href":"https:\/\/www.multicasa.com.br\/inicio\/wp-json\/wp\/v2\/product_brand?post=9898"},{"taxonomy":"product_cat","embeddable":true,"href":"https:\/\/www.multicasa.com.br\/inicio\/wp-json\/wp\/v2\/product_cat?post=9898"},{"taxonomy":"product_tag","embeddable":true,"href":"https:\/\/www.multicasa.com.br\/inicio\/wp-json\/wp\/v2\/product_tag?post=9898"}],"curies":[{"name":"wp","href":"https:\/\/api.w.org\/{rel}","templated":true}]}}