{"id":9928,"date":"2025-06-20T17:49:27","date_gmt":"2025-06-20T21:49:27","guid":{"rendered":"https:\/\/www.multicasa.com.br\/inicio\/?post_type=product&#038;p=9928"},"modified":"2025-11-01T09:44:24","modified_gmt":"2025-11-01T13:44:24","slug":"mouse-optico-com-fio-usb-mo300-preto-multilaser","status":"publish","type":"product","link":"https:\/\/www.multicasa.com.br\/inicio\/produto\/mouse-optico-com-fio-usb-mo300-preto-multilaser\/","title":{"rendered":"Mouse \u00d3ptico com Fio USB MO300 Preto Multilaser"},"content":{"rendered":"<p>O Mouse \u00d3ptico com Fio USB MO300 Preto Multilaser vem com plug&amp;play conex\u00e3o autom\u00e1tica: conecte a entrada USB e comece a usar. Velocidade 1200DPI, navegue com precis\u00e3o com um rastreamento em alta defini\u00e7\u00e3o.<\/p>\n","protected":false},"excerpt":{"rendered":"<h4 style=\"margin: 0px;padding: 0px 0px 16px;font-family: Lato, sans-serif;font-weight: bold;line-height: 3rem;color: var(--dark-grey3);font-size: 22px;font-style: normal;letter-spacing: normal;text-align: start;text-indent: 0px;text-transform: none\">Informa\u00e7\u00f5es t\u00e9cnicas<\/h4>\n<p><span style=\"margin: 0px;padding: 0px;font-weight: 450;font-size: 14px;line-height: 21px;color: var(--dark-grey2);font-family: Lato, sans-serif;font-style: normal;letter-spacing: normal;text-align: start;text-indent: 0px;text-transform: none\">Produto: Mouse com fio<br \/>\nMarca: Multilaser<br \/>\nModelo: MO300<br \/>\nCor: Preto<br \/>\nCaracter\u00edsticas: Com fio, conex\u00e3o USB, \u00f3ptico, velocidade de 1200dpi, 3 bot\u00f5es,<br \/>\nItens Inclusos: 1 mouse com fio<br \/>\nDimens\u00f5es do produto (A X L X P): 13,5 x 7,5 x 3,2cm<br \/>\nPeso: 0,07kg                                                                                                                                                                     Garantia: 3 anos<\/span><\/p>\n","protected":false},"featured_media":25611,"template":"","meta":{"_joinchat":[]},"product_brand":[],"product_cat":[130],"product_tag":[],"class_list":{"0":"post-9928","1":"product","2":"type-product","3":"status-publish","4":"has-post-thumbnail","6":"product_cat-informatica","8":"first","9":"outofstock","10":"shipping-taxable","11":"purchasable","12":"product-type-simple"},"_links":{"self":[{"href":"https:\/\/www.multicasa.com.br\/inicio\/wp-json\/wp\/v2\/product\/9928","targetHints":{"allow":["GET"]}}],"collection":[{"href":"https:\/\/www.multicasa.com.br\/inicio\/wp-json\/wp\/v2\/product"}],"about":[{"href":"https:\/\/www.multicasa.com.br\/inicio\/wp-json\/wp\/v2\/types\/product"}],"wp:featuredmedia":[{"embeddable":true,"href":"https:\/\/www.multicasa.com.br\/inicio\/wp-json\/wp\/v2\/media\/25611"}],"wp:attachment":[{"href":"https:\/\/www.multicasa.com.br\/inicio\/wp-json\/wp\/v2\/media?parent=9928"}],"wp:term":[{"taxonomy":"product_brand","embeddable":true,"href":"https:\/\/www.multicasa.com.br\/inicio\/wp-json\/wp\/v2\/product_brand?post=9928"},{"taxonomy":"product_cat","embeddable":true,"href":"https:\/\/www.multicasa.com.br\/inicio\/wp-json\/wp\/v2\/product_cat?post=9928"},{"taxonomy":"product_tag","embeddable":true,"href":"https:\/\/www.multicasa.com.br\/inicio\/wp-json\/wp\/v2\/product_tag?post=9928"}],"curies":[{"name":"wp","href":"https:\/\/api.w.org\/{rel}","templated":true}]}}