{"id":9929,"date":"2025-06-20T17:49:27","date_gmt":"2025-06-20T21:49:27","guid":{"rendered":"https:\/\/www.multicasa.com.br\/inicio\/?post_type=product&#038;p=9929"},"modified":"2026-02-24T10:30:25","modified_gmt":"2026-02-24T14:30:25","slug":"paquimetro-plastico-150mm-6-brasfort","status":"publish","type":"product","link":"https:\/\/www.multicasa.com.br\/inicio\/produto\/paquimetro-plastico-150mm-6-brasfort\/","title":{"rendered":"Paqu\u00edmetro Pl\u00e1stico 150mm 6&#8221; Brasfort"},"content":{"rendered":"<p>O Paqu\u00edmetro da Brasfort \u00e9 feito de pl\u00e1stico ABS, com capacidade de medi\u00e7\u00e3o de at\u00e9 6&#8243; (150 mm). Indicado para medi\u00e7\u00f5es r\u00e1pidas de pequenas pe\u00e7as e objetos em geral. <\/p>\n","protected":false},"excerpt":{"rendered":"<h4 style=\"margin: 0px;padding: 0px 0px 16px;font-family: Lato, sans-serif;font-weight: bold;line-height: 3rem;color: var(--dark-grey3);font-size: 22px;font-style: normal;letter-spacing: normal;text-align: start;text-indent: 0px;text-transform: none\">Informa\u00e7\u00f5es t\u00e9cnicas<\/h4>\n<p><span style=\"margin: 0px;padding: 0px;font-weight: 450;font-size: 14px;line-height: 21px;color: var(--dark-grey2);font-family: Lato, sans-serif;font-style: normal;letter-spacing: normal;text-align: start;text-indent: 0px;text-transform: none\">Produto: Paqu\u00edmetro<br \/>\nMarca: Brasfort<br \/>\nMaterial: Pl\u00e1stico ABS<br \/>\nCaracter\u00edsticas: Medi\u00e7\u00e3o de at\u00e9 6&#8243; (150mm)<br \/>\nItens Inclusos: 1 paqu\u00edmetro<br \/>\nDimens\u00f5es do produto (A x L x C): 0,8 x 8,8 x 28,4cm                                                                                                         Peso: 45g                                                                                                                                                                         Garantia: 1 ano<\/span><\/p>\n","protected":false},"featured_media":10019,"template":"","meta":{"_joinchat":[]},"product_brand":[],"product_cat":[137],"product_tag":[],"class_list":{"0":"post-9929","1":"product","2":"type-product","3":"status-publish","4":"has-post-thumbnail","6":"product_cat-ferramentas-manuais","8":"first","9":"instock","10":"shipping-taxable","11":"purchasable","12":"product-type-simple"},"_links":{"self":[{"href":"https:\/\/www.multicasa.com.br\/inicio\/wp-json\/wp\/v2\/product\/9929","targetHints":{"allow":["GET"]}}],"collection":[{"href":"https:\/\/www.multicasa.com.br\/inicio\/wp-json\/wp\/v2\/product"}],"about":[{"href":"https:\/\/www.multicasa.com.br\/inicio\/wp-json\/wp\/v2\/types\/product"}],"wp:featuredmedia":[{"embeddable":true,"href":"https:\/\/www.multicasa.com.br\/inicio\/wp-json\/wp\/v2\/media\/10019"}],"wp:attachment":[{"href":"https:\/\/www.multicasa.com.br\/inicio\/wp-json\/wp\/v2\/media?parent=9929"}],"wp:term":[{"taxonomy":"product_brand","embeddable":true,"href":"https:\/\/www.multicasa.com.br\/inicio\/wp-json\/wp\/v2\/product_brand?post=9929"},{"taxonomy":"product_cat","embeddable":true,"href":"https:\/\/www.multicasa.com.br\/inicio\/wp-json\/wp\/v2\/product_cat?post=9929"},{"taxonomy":"product_tag","embeddable":true,"href":"https:\/\/www.multicasa.com.br\/inicio\/wp-json\/wp\/v2\/product_tag?post=9929"}],"curies":[{"name":"wp","href":"https:\/\/api.w.org\/{rel}","templated":true}]}}