{"id":9930,"date":"2025-06-20T17:49:27","date_gmt":"2025-06-20T21:49:27","guid":{"rendered":"https:\/\/www.multicasa.com.br\/inicio\/?post_type=product&#038;p=9930"},"modified":"2026-04-06T10:00:45","modified_gmt":"2026-04-06T14:00:45","slug":"conjunto-pano-de-microfibra-naveg-5-pecas","status":"publish","type":"product","link":"https:\/\/www.multicasa.com.br\/inicio\/produto\/conjunto-pano-de-microfibra-naveg-5-pecas\/","title":{"rendered":"Conjunto Pano de Microfibra Naveg 5 Pe\u00e7as"},"content":{"rendered":"<p>O Conjunto Pano de Microfibra Naveg conta com 5 pe\u00e7as em cores sortidas. Cada uma com 35 X 30cm, que limpam qualquer superf\u00edcie, n\u00e3o soltam fiapos e n\u00e3o riscam.<\/p>\n","protected":false},"excerpt":{"rendered":"<h4 style=\"margin: 0px;padding: 0px 0px 16px;font-family: Lato, sans-serif;font-weight: bold;line-height: 3rem;color: var(--dark-grey3);font-size: 22px;font-style: normal;letter-spacing: normal;text-align: start;text-indent: 0px;text-transform: none\">Informa\u00e7\u00f5es t\u00e9cnicas<\/h4>\n<p><span style=\"margin: 0px;padding: 0px;font-weight: 450;font-size: 14px;line-height: 21px;color: var(--dark-grey2);font-family: Lato, sans-serif;font-style: normal;letter-spacing: normal;text-align: start;text-indent: 0px;text-transform: none\">Produto: Pano<br \/>\nMarca: Naveg<br \/>\nMaterial: Microfibra<br \/>\nCor: Sortidas<br \/>\nCaracter\u00edsticas: N\u00e3o risca<br \/>\nN\u00e3o solta fiapos<br \/>\nLimpa qualquer superf\u00edcie<br \/>\nElimina poeira, sujeira, graxa e l\u00edquidos<br \/>\nItens Inclusos: 5 panos<br \/>\nDimens\u00f5es do produto (A X L): 35 x 30cm cada<br \/>\nPeso: 0,102kg<\/span><\/p>\n","protected":false},"featured_media":25014,"template":"","meta":{"_joinchat":[]},"product_brand":[],"product_cat":[96],"product_tag":[],"class_list":{"0":"post-9930","1":"product","2":"type-product","3":"status-publish","4":"has-post-thumbnail","6":"product_cat-limpeza-e-cia","8":"first","9":"instock","10":"sale","11":"featured","12":"shipping-taxable","13":"purchasable","14":"product-type-simple"},"_links":{"self":[{"href":"https:\/\/www.multicasa.com.br\/inicio\/wp-json\/wp\/v2\/product\/9930","targetHints":{"allow":["GET"]}}],"collection":[{"href":"https:\/\/www.multicasa.com.br\/inicio\/wp-json\/wp\/v2\/product"}],"about":[{"href":"https:\/\/www.multicasa.com.br\/inicio\/wp-json\/wp\/v2\/types\/product"}],"wp:featuredmedia":[{"embeddable":true,"href":"https:\/\/www.multicasa.com.br\/inicio\/wp-json\/wp\/v2\/media\/25014"}],"wp:attachment":[{"href":"https:\/\/www.multicasa.com.br\/inicio\/wp-json\/wp\/v2\/media?parent=9930"}],"wp:term":[{"taxonomy":"product_brand","embeddable":true,"href":"https:\/\/www.multicasa.com.br\/inicio\/wp-json\/wp\/v2\/product_brand?post=9930"},{"taxonomy":"product_cat","embeddable":true,"href":"https:\/\/www.multicasa.com.br\/inicio\/wp-json\/wp\/v2\/product_cat?post=9930"},{"taxonomy":"product_tag","embeddable":true,"href":"https:\/\/www.multicasa.com.br\/inicio\/wp-json\/wp\/v2\/product_tag?post=9930"}],"curies":[{"name":"wp","href":"https:\/\/api.w.org\/{rel}","templated":true}]}}